{"id":501348,"date":"2025-09-10T20:17:23","date_gmt":"2025-09-10T20:17:23","guid":{"rendered":"https:\/\/saludsostenible.es\/product\/protecsapin-jarabe-sin-azucar\/"},"modified":"2025-09-10T20:17:33","modified_gmt":"2025-09-10T20:17:33","slug":"protecsapin-jarabe-sin-azucar","status":"publish","type":"product","link":"https:\/\/saludsostenible.es\/en\/product\/protecsapin-jarabe-sin-azucar\/","title":{"rendered":"PROTECSAPIN JARABE SIN AZUCAR"},"content":{"rendered":"<p>INDICACIONES<br \/>\nAlivia irritaci\u00f3n y tos seca o leve, gracias a su combinaci\u00f3n de plantas bals\u00e1micas.<br \/>\nAcciones suavizantes y expectorantes naturales, ideal para garganta irritada o congesti\u00f3n ligera.<br \/>\nMinerales inmunoprotectores y antioxidantes (manganeso y cobre).<br \/>\nSin az\u00facar, adecuado tambi\u00e9n para personas con restricci\u00f3n de glucosa o diabetes.<br \/>\nINGREDIENTES<br \/>\nAgua, edulcorante maltitol, estabilizante glicerol, extracto glicerinado de ra\u00edz de pelargonio (Pelargonium sidoides DC.) con ratio 1:1, extracto glicerinado de prop\u00f3leo, estabilizante monooleato de sorbitano polioxietilenado, aroma de hierbas, extracto glicerinado de ra\u00edz de regaliz (Glycyrrhiza glabra L.), estabilizante goma xantana, extracto seco de flores de gordolobo (Verbascum thapsus), extracto seco de ra\u00edz de altea (Althaea officinalis L.), extracto seco de flores de llant\u00e9n (Plantago lanceolata L.), extracto seco de ra\u00edz de equin\u00e1cea (Echinacea purpurea L. Moench), conservador sorbato pot\u00e1sico, extracto seco de flores de sa\u00faco (Sambucus nigra L.), extracto seco de flores de tomillo (Thymus serpyllum L.), extracto seco de partes a\u00e9reas de drosera (Drosera rotundifolia L.), extracto glicerinado de corteza de canela (Cinnamomum zeylanicum), extracto seco de frutos de acerola (Malpighia punicifolia L.), extracto seco de hojas de grosellero negro (Ribes nigrum L.), extracto seco de yemas de pino (Pinus sylvestris), gluconato de manganeso, gluconato c\u00faprico, aromas de mentol y eucaliptol, edulcorante gluc\u00f3sidos de esteviol, conservador benzoato de sodio.<br \/>\nMODO DE USO<br \/>\nTomar de 2 a 3 cucharadas soperas (10 ml) por d\u00eda (20 a 30 ml por d\u00eda).<br \/>\nPrecauciones<br \/>\nNo superar la dosis diaria recomendada.<br \/>\nLos complementos alimenticios no deben utilizarse como sustitutos de una dieta variada y equilibrada y un estilo de vida saludable.<br \/>\nMantener fuera del alcance de los ni\u00f1os m\u00e1s peque\u00f1os.<br \/>\nUn consumo excesivo puede tener efectos laxantes.<br \/>\nComplemento alimenticio con edulcorantes.<br \/>\nCondiciones de conservaci\u00f3n:\u00a0ambiente fresco y seco.<br \/>\nPROTECSAPIN KIDS JARABE<\/p>","protected":false},"excerpt":{"rendered":"<p>Es un complemento en formato jarabe de 250\u202fml, sin az\u00facar a\u00f1adido, formulado con prop\u00f3leo, extractos bot\u00e1nicos bals\u00e1micos y minerales. Est\u00e1 pensado para aliviar tos, irritaci\u00f3n de garganta y ofrecer confort respiratorio de forma suave y natural<\/p>","protected":false},"featured_media":501349,"template":"","meta":[],"product_brand":[191],"product_cat":[253,192,281,275,262],"product_tag":[],"class_list":{"0":"post-501348","1":"product","2":"type-product","3":"status-publish","4":"has-post-thumbnail","6":"product_brand-natysal","7":"product_cat-inmunidad-antioxidantes","8":"product_cat-natysal","9":"product_cat-salud-inmune-defensas","10":"product_cat-suplementos-longevity","11":"product_cat-suplementos-micronutricionales","12":"product_shipping_class-producto-fisico","14":"first","15":"instock","16":"purchasable","17":"product-type-simple"},"yoast_head":"<!-- This site is optimized with the Yoast SEO Premium plugin v22.9 (Yoast SEO v27.6) - https:\/\/yoast.com\/product\/yoast-seo-premium-wordpress\/ -->\n<title>PROTECSAPIN JARABE SIN AZUCAR - Salud Sostenible by Fabrice Lef&egrave;vre Institute<\/title>\n<meta name=\"robots\" content=\"index, follow, max-snippet:-1, max-image-preview:large, max-video-preview:-1\" \/>\n<link rel=\"canonical\" href=\"https:\/\/saludsostenible.es\/en\/product\/protecsapin-jarabe-sin-azucar\/\" \/>\n<meta property=\"og:locale\" content=\"en_GB\" \/>\n<meta property=\"og:type\" content=\"article\" \/>\n<meta property=\"og:title\" content=\"PROTECSAPIN JARABE SIN AZUCAR\" \/>\n<meta property=\"og:description\" content=\"Es un complemento en formato jarabe de 250\u202fml, sin az\u00facar a\u00f1adido, formulado con prop\u00f3leo, extractos bot\u00e1nicos bals\u00e1micos y minerales. Est\u00e1 pensado para aliviar tos, irritaci\u00f3n de garganta y ofrecer confort respiratorio de forma suave y natural\" \/>\n<meta property=\"og:url\" content=\"https:\/\/saludsostenible.es\/en\/product\/protecsapin-jarabe-sin-azucar\/\" \/>\n<meta property=\"og:site_name\" content=\"Salud Sostenible by Fabrice Lef&egrave;vre Institute\" \/>\n<meta property=\"article:publisher\" content=\"https:\/\/www.facebook.com\/ProbodyoneBarcelona\" \/>\n<meta property=\"article:modified_time\" content=\"2025-09-10T20:17:33+00:00\" \/>\n<meta property=\"og:image\" content=\"https:\/\/saludsostenible.es\/wp-content\/uploads\/2025\/09\/protecsapin-jarabe-sin-azucar.jpg\" \/>\n\t<meta property=\"og:image:width\" content=\"800\" \/>\n\t<meta property=\"og:image:height\" content=\"800\" \/>\n\t<meta property=\"og:image:type\" content=\"image\/jpeg\" \/>\n<meta name=\"twitter:card\" content=\"summary_large_image\" \/>\n<meta name=\"twitter:site\" content=\"@probodyone\" \/>\n<meta name=\"twitter:label1\" content=\"Estimated reading time\" \/>\n\t<meta name=\"twitter:data1\" content=\"2 minutes\" \/>\n<script type=\"application\/ld+json\" class=\"yoast-schema-graph\">{\"@context\":\"https:\\\/\\\/schema.org\",\"@graph\":[{\"@type\":\"WebPage\",\"@id\":\"https:\\\/\\\/saludsostenible.es\\\/product\\\/protecsapin-jarabe-sin-azucar\\\/\",\"url\":\"https:\\\/\\\/saludsostenible.es\\\/product\\\/protecsapin-jarabe-sin-azucar\\\/\",\"name\":\"PROTECSAPIN JARABE SIN AZUCAR - Salud Sostenible by Fabrice Lef&egrave;vre Institute\",\"isPartOf\":{\"@id\":\"https:\\\/\\\/saludsostenible.es\\\/#website\"},\"primaryImageOfPage\":{\"@id\":\"https:\\\/\\\/saludsostenible.es\\\/product\\\/protecsapin-jarabe-sin-azucar\\\/#primaryimage\"},\"image\":{\"@id\":\"https:\\\/\\\/saludsostenible.es\\\/product\\\/protecsapin-jarabe-sin-azucar\\\/#primaryimage\"},\"thumbnailUrl\":\"https:\\\/\\\/saludsostenible.es\\\/wp-content\\\/uploads\\\/2025\\\/09\\\/protecsapin-jarabe-sin-azucar.jpg\",\"datePublished\":\"2025-09-10T20:17:23+00:00\",\"dateModified\":\"2025-09-10T20:17:33+00:00\",\"breadcrumb\":{\"@id\":\"https:\\\/\\\/saludsostenible.es\\\/product\\\/protecsapin-jarabe-sin-azucar\\\/#breadcrumb\"},\"inLanguage\":\"en-GB\",\"potentialAction\":[{\"@type\":\"ReadAction\",\"target\":[\"https:\\\/\\\/saludsostenible.es\\\/product\\\/protecsapin-jarabe-sin-azucar\\\/\"]}]},{\"@type\":\"ImageObject\",\"inLanguage\":\"en-GB\",\"@id\":\"https:\\\/\\\/saludsostenible.es\\\/product\\\/protecsapin-jarabe-sin-azucar\\\/#primaryimage\",\"url\":\"https:\\\/\\\/saludsostenible.es\\\/wp-content\\\/uploads\\\/2025\\\/09\\\/protecsapin-jarabe-sin-azucar.jpg\",\"contentUrl\":\"https:\\\/\\\/saludsostenible.es\\\/wp-content\\\/uploads\\\/2025\\\/09\\\/protecsapin-jarabe-sin-azucar.jpg\",\"width\":800,\"height\":800},{\"@type\":\"BreadcrumbList\",\"@id\":\"https:\\\/\\\/saludsostenible.es\\\/product\\\/protecsapin-jarabe-sin-azucar\\\/#breadcrumb\",\"itemListElement\":[{\"@type\":\"ListItem\",\"position\":1,\"name\":\"Home\",\"item\":\"https:\\\/\\\/saludsostenible.es\\\/\"},{\"@type\":\"ListItem\",\"position\":2,\"name\":\"Tienda\",\"item\":\"https:\\\/\\\/saludsostenible.es\\\/tienda\\\/\"},{\"@type\":\"ListItem\",\"position\":3,\"name\":\"PROTECSAPIN JARABE SIN AZUCAR\"}]},{\"@type\":\"WebSite\",\"@id\":\"https:\\\/\\\/saludsostenible.es\\\/#website\",\"url\":\"https:\\\/\\\/saludsostenible.es\\\/\",\"name\":\"Salud Sostenible Beauty & Longevity\",\"description\":\"Plataforma de consulta online y acceso a especialistas privados: salud integrativa, beauty y longevidad. Inicia tu perfil de salud metab\u00f3lica.\",\"publisher\":{\"@id\":\"https:\\\/\\\/saludsostenible.es\\\/#organization\"},\"alternateName\":\"Salud Sostenible\",\"potentialAction\":[{\"@type\":\"SearchAction\",\"target\":{\"@type\":\"EntryPoint\",\"urlTemplate\":\"https:\\\/\\\/saludsostenible.es\\\/?s={search_term_string}\"},\"query-input\":{\"@type\":\"PropertyValueSpecification\",\"valueRequired\":true,\"valueName\":\"search_term_string\"}}],\"inLanguage\":\"en-GB\"},{\"@type\":\"Organization\",\"@id\":\"https:\\\/\\\/saludsostenible.es\\\/#organization\",\"name\":\"Salud Sostenible by Fabrice Lef\u00e8vre Institute\",\"alternateName\":\"Osteopat\u00eda en Barcelona, Madrid y Marbella\",\"url\":\"https:\\\/\\\/saludsostenible.es\\\/\",\"logo\":{\"@type\":\"ImageObject\",\"inLanguage\":\"en-GB\",\"@id\":\"https:\\\/\\\/saludsostenible.es\\\/#\\\/schema\\\/logo\\\/image\\\/\",\"url\":\"https:\\\/\\\/saludsostenible.es\\\/wp-content\\\/uploads\\\/2024\\\/08\\\/probodyone-blog.jpg\",\"contentUrl\":\"https:\\\/\\\/saludsostenible.es\\\/wp-content\\\/uploads\\\/2024\\\/08\\\/probodyone-blog.jpg\",\"width\":1600,\"height\":550,\"caption\":\"Salud Sostenible by Fabrice Lef\u00e8vre Institute\"},\"image\":{\"@id\":\"https:\\\/\\\/saludsostenible.es\\\/#\\\/schema\\\/logo\\\/image\\\/\"},\"sameAs\":[\"https:\\\/\\\/www.facebook.com\\\/ProbodyoneBarcelona\",\"https:\\\/\\\/x.com\\\/probodyone\",\"https:\\\/\\\/www.youtube.com\\\/@Probodyone\\\/videos\"]}]}<\/script>\n<!-- \/ Yoast SEO Premium plugin. -->","yoast_head_json":{"title":"PROTECSAPIN JARABE SIN AZUCAR - Salud Sostenible by Fabrice Lef&egrave;vre Institute","robots":{"index":"index","follow":"follow","max-snippet":"max-snippet:-1","max-image-preview":"max-image-preview:large","max-video-preview":"max-video-preview:-1"},"canonical":"https:\/\/saludsostenible.es\/en\/product\/protecsapin-jarabe-sin-azucar\/","og_locale":"en_GB","og_type":"article","og_title":"PROTECSAPIN JARABE SIN AZUCAR","og_description":"Es un complemento en formato jarabe de 250\u202fml, sin az\u00facar a\u00f1adido, formulado con prop\u00f3leo, extractos bot\u00e1nicos bals\u00e1micos y minerales. Est\u00e1 pensado para aliviar tos, irritaci\u00f3n de garganta y ofrecer confort respiratorio de forma suave y natural","og_url":"https:\/\/saludsostenible.es\/en\/product\/protecsapin-jarabe-sin-azucar\/","og_site_name":"Salud Sostenible by Fabrice Lef&egrave;vre Institute","article_publisher":"https:\/\/www.facebook.com\/ProbodyoneBarcelona","article_modified_time":"2025-09-10T20:17:33+00:00","og_image":[{"width":800,"height":800,"url":"https:\/\/saludsostenible.es\/wp-content\/uploads\/2025\/09\/protecsapin-jarabe-sin-azucar.jpg","type":"image\/jpeg"}],"twitter_card":"summary_large_image","twitter_site":"@probodyone","twitter_misc":{"Estimated reading time":"2 minutes"},"schema":{"@context":"https:\/\/schema.org","@graph":[{"@type":"WebPage","@id":"https:\/\/saludsostenible.es\/product\/protecsapin-jarabe-sin-azucar\/","url":"https:\/\/saludsostenible.es\/product\/protecsapin-jarabe-sin-azucar\/","name":"PROTECSAPIN JARABE SIN AZUCAR - Salud Sostenible by Fabrice Lef&egrave;vre Institute","isPartOf":{"@id":"https:\/\/saludsostenible.es\/#website"},"primaryImageOfPage":{"@id":"https:\/\/saludsostenible.es\/product\/protecsapin-jarabe-sin-azucar\/#primaryimage"},"image":{"@id":"https:\/\/saludsostenible.es\/product\/protecsapin-jarabe-sin-azucar\/#primaryimage"},"thumbnailUrl":"https:\/\/saludsostenible.es\/wp-content\/uploads\/2025\/09\/protecsapin-jarabe-sin-azucar.jpg","datePublished":"2025-09-10T20:17:23+00:00","dateModified":"2025-09-10T20:17:33+00:00","breadcrumb":{"@id":"https:\/\/saludsostenible.es\/product\/protecsapin-jarabe-sin-azucar\/#breadcrumb"},"inLanguage":"en-GB","potentialAction":[{"@type":"ReadAction","target":["https:\/\/saludsostenible.es\/product\/protecsapin-jarabe-sin-azucar\/"]}]},{"@type":"ImageObject","inLanguage":"en-GB","@id":"https:\/\/saludsostenible.es\/product\/protecsapin-jarabe-sin-azucar\/#primaryimage","url":"https:\/\/saludsostenible.es\/wp-content\/uploads\/2025\/09\/protecsapin-jarabe-sin-azucar.jpg","contentUrl":"https:\/\/saludsostenible.es\/wp-content\/uploads\/2025\/09\/protecsapin-jarabe-sin-azucar.jpg","width":800,"height":800},{"@type":"BreadcrumbList","@id":"https:\/\/saludsostenible.es\/product\/protecsapin-jarabe-sin-azucar\/#breadcrumb","itemListElement":[{"@type":"ListItem","position":1,"name":"Home","item":"https:\/\/saludsostenible.es\/"},{"@type":"ListItem","position":2,"name":"Tienda","item":"https:\/\/saludsostenible.es\/tienda\/"},{"@type":"ListItem","position":3,"name":"PROTECSAPIN JARABE SIN AZUCAR"}]},{"@type":"WebSite","@id":"https:\/\/saludsostenible.es\/#website","url":"https:\/\/saludsostenible.es\/","name":"Salud Sostenible Beauty & Longevity","description":"Plataforma de consulta online y acceso a especialistas privados: salud integrativa, beauty y longevidad. Inicia tu perfil de salud metab\u00f3lica.","publisher":{"@id":"https:\/\/saludsostenible.es\/#organization"},"alternateName":"Salud Sostenible","potentialAction":[{"@type":"SearchAction","target":{"@type":"EntryPoint","urlTemplate":"https:\/\/saludsostenible.es\/?s={search_term_string}"},"query-input":{"@type":"PropertyValueSpecification","valueRequired":true,"valueName":"search_term_string"}}],"inLanguage":"en-GB"},{"@type":"Organization","@id":"https:\/\/saludsostenible.es\/#organization","name":"Salud Sostenible by Fabrice Lef\u00e8vre Institute","alternateName":"Osteopat\u00eda en Barcelona, Madrid y Marbella","url":"https:\/\/saludsostenible.es\/","logo":{"@type":"ImageObject","inLanguage":"en-GB","@id":"https:\/\/saludsostenible.es\/#\/schema\/logo\/image\/","url":"https:\/\/saludsostenible.es\/wp-content\/uploads\/2024\/08\/probodyone-blog.jpg","contentUrl":"https:\/\/saludsostenible.es\/wp-content\/uploads\/2024\/08\/probodyone-blog.jpg","width":1600,"height":550,"caption":"Salud Sostenible by Fabrice Lef\u00e8vre Institute"},"image":{"@id":"https:\/\/saludsostenible.es\/#\/schema\/logo\/image\/"},"sameAs":["https:\/\/www.facebook.com\/ProbodyoneBarcelona","https:\/\/x.com\/probodyone","https:\/\/www.youtube.com\/@Probodyone\/videos"]}]}},"_links":{"self":[{"href":"https:\/\/saludsostenible.es\/en\/wp-json\/wp\/v2\/product\/501348","targetHints":{"allow":["GET"]}}],"collection":[{"href":"https:\/\/saludsostenible.es\/en\/wp-json\/wp\/v2\/product"}],"about":[{"href":"https:\/\/saludsostenible.es\/en\/wp-json\/wp\/v2\/types\/product"}],"wp:featuredmedia":[{"embeddable":true,"href":"https:\/\/saludsostenible.es\/en\/wp-json\/wp\/v2\/media\/501349"}],"wp:attachment":[{"href":"https:\/\/saludsostenible.es\/en\/wp-json\/wp\/v2\/media?parent=501348"}],"wp:term":[{"taxonomy":"product_brand","embeddable":true,"href":"https:\/\/saludsostenible.es\/en\/wp-json\/wp\/v2\/product_brand?post=501348"},{"taxonomy":"product_cat","embeddable":true,"href":"https:\/\/saludsostenible.es\/en\/wp-json\/wp\/v2\/product_cat?post=501348"},{"taxonomy":"product_tag","embeddable":true,"href":"https:\/\/saludsostenible.es\/en\/wp-json\/wp\/v2\/product_tag?post=501348"}],"curies":[{"name":"wp","href":"https:\/\/api.w.org\/{rel}","templated":true}]}}