{"id":501356,"date":"2025-09-10T20:17:23","date_gmt":"2025-09-10T20:17:23","guid":{"rendered":"https:\/\/saludsostenible.es\/product\/betacaroteno-complex\/"},"modified":"2025-09-10T20:17:37","modified_gmt":"2025-09-10T20:17:37","slug":"betacaroteno-complex","status":"publish","type":"product","link":"https:\/\/saludsostenible.es\/en\/product\/betacaroteno-complex\/","title":{"rendered":"BETACAROTENO COMPLEX"},"content":{"rendered":"<p>INDICACIONES<br \/>\nPreparaci\u00f3n de la piel al sol: Polypodium leucotomos y betacaroteno promueven un tono m\u00e1s uniforme y refuerzan la resistencia frente al da\u00f1o solar; su acci\u00f3n antioxidante ayuda a reducir los radicales libres generados por los UV<br \/>\nProtecci\u00f3n antioxidante celular: la vitamina\u202fE protege las c\u00e9lulas frente a oxidaci\u00f3n, mientras que la vitamina\u202fA (betacaroteno) ayuda al mantenimiento normal de la piel y mucosas, y el cobre contribuye a la pigmentaci\u00f3n normal de la piel.<br \/>\nEnerg\u00eda y bienestar general: la niacina favorece el metabolismo energ\u00e9tico y contribuye a disminuir cansancio y fatiga tan t\u00edpico durante exposiciones o cambios estacionales<br \/>\nTambi\u00e9n se menciona su uso en condiciones como psoriasis o dermatitis at\u00f3pica, por su efecto antiinflamatorio y protector dermatol\u00f3gico<br \/>\nINGREDIENTES<br \/>\nExtracto seco de rizoma de\u00a0Polypodium leucotomos\u00a0con ratio 10:1, agente de recubrimiento (hidroxipropilmetilcelulosa, colorante carbonato de calcio), vitamina A (betacaroteno), vitamina E (acetato de DL-alfa-tocoferilo), niacina (nicotinamida), agente de carga celulosa microcristalina, antiaglomerante estearato magn\u00e9sico, gluconato c\u00faprico.<br \/>\nMODO DE USO<br \/>\n1 c\u00e1psula al d\u00eda, preferiblemente durante una comida<br \/>\nPRECAUCIONES<br \/>\nNo superar la dosis diaria recomendada.<br \/>\n\u2022 Los complementos alimenticios no deben utilizarse como sustitutos de una dieta variada y equilibrada y un estilo de vida saludable.<br \/>\n\u2022 Mantener fuera del alcance de los ni\u00f1os m\u00e1s peque\u00f1os.<br \/>\nCondiciones de conservaci\u00f3n:\u00a0ambiente fresco y seco.<br \/>\nMULTIVITAMINAS Y MINERALES<\/p>","protected":false},"excerpt":{"rendered":"<p>Betacaroteno Complex es un complemento alimenticio formulado para preparar la piel frente a la exposici\u00f3n solar, protegerla del da\u00f1o oxidativo y favorecer un bronceado saludable, gracias a su combinaci\u00f3n de extracto vegetal, vitaminas y minerales<\/p>","protected":false},"featured_media":501357,"template":"","meta":[],"product_brand":[191],"product_cat":[205,192,264,251,262],"product_tag":[],"class_list":{"0":"post-501356","1":"product","2":"type-product","3":"status-publish","4":"has-post-thumbnail","6":"product_brand-natysal","7":"product_cat-longevity","8":"product_cat-natysal","9":"product_cat-nutricosmetica","10":"product_cat-piel-unas-cabello","11":"product_cat-suplementos-micronutricionales","12":"product_shipping_class-producto-fisico","14":"first","15":"instock","16":"purchasable","17":"product-type-simple"},"yoast_head":"<!-- This site is optimized with the Yoast SEO Premium plugin v22.9 (Yoast SEO v27.6) - https:\/\/yoast.com\/product\/yoast-seo-premium-wordpress\/ -->\n<title>BETACAROTENO COMPLEX - Salud Sostenible by Fabrice Lef&egrave;vre Institute<\/title>\n<meta name=\"robots\" content=\"index, follow, max-snippet:-1, max-image-preview:large, max-video-preview:-1\" \/>\n<link rel=\"canonical\" href=\"https:\/\/saludsostenible.es\/en\/product\/betacaroteno-complex\/\" \/>\n<meta property=\"og:locale\" content=\"en_GB\" \/>\n<meta property=\"og:type\" content=\"article\" \/>\n<meta property=\"og:title\" content=\"BETACAROTENO COMPLEX\" \/>\n<meta property=\"og:description\" content=\"Betacaroteno Complex es un complemento alimenticio formulado para preparar la piel frente a la exposici\u00f3n solar, protegerla del da\u00f1o oxidativo y favorecer un bronceado saludable, gracias a su combinaci\u00f3n de extracto vegetal, vitaminas y minerales\" \/>\n<meta property=\"og:url\" content=\"https:\/\/saludsostenible.es\/en\/product\/betacaroteno-complex\/\" \/>\n<meta property=\"og:site_name\" content=\"Salud Sostenible by Fabrice Lef&egrave;vre Institute\" \/>\n<meta property=\"article:publisher\" content=\"https:\/\/www.facebook.com\/ProbodyoneBarcelona\" \/>\n<meta property=\"article:modified_time\" content=\"2025-09-10T20:17:37+00:00\" \/>\n<meta property=\"og:image\" content=\"https:\/\/saludsostenible.es\/wp-content\/uploads\/2025\/09\/betacaroteno-complex.jpg\" \/>\n\t<meta property=\"og:image:width\" content=\"800\" \/>\n\t<meta property=\"og:image:height\" content=\"800\" \/>\n\t<meta property=\"og:image:type\" content=\"image\/jpeg\" \/>\n<meta name=\"twitter:card\" content=\"summary_large_image\" \/>\n<meta name=\"twitter:site\" content=\"@probodyone\" \/>\n<meta name=\"twitter:label1\" content=\"Estimated reading time\" \/>\n\t<meta name=\"twitter:data1\" content=\"1 minute\" \/>\n<script type=\"application\/ld+json\" class=\"yoast-schema-graph\">{\"@context\":\"https:\\\/\\\/schema.org\",\"@graph\":[{\"@type\":\"WebPage\",\"@id\":\"https:\\\/\\\/saludsostenible.es\\\/product\\\/betacaroteno-complex\\\/\",\"url\":\"https:\\\/\\\/saludsostenible.es\\\/product\\\/betacaroteno-complex\\\/\",\"name\":\"BETACAROTENO COMPLEX - Salud Sostenible by Fabrice Lef&egrave;vre Institute\",\"isPartOf\":{\"@id\":\"https:\\\/\\\/saludsostenible.es\\\/#website\"},\"primaryImageOfPage\":{\"@id\":\"https:\\\/\\\/saludsostenible.es\\\/product\\\/betacaroteno-complex\\\/#primaryimage\"},\"image\":{\"@id\":\"https:\\\/\\\/saludsostenible.es\\\/product\\\/betacaroteno-complex\\\/#primaryimage\"},\"thumbnailUrl\":\"https:\\\/\\\/saludsostenible.es\\\/wp-content\\\/uploads\\\/2025\\\/09\\\/betacaroteno-complex.jpg\",\"datePublished\":\"2025-09-10T20:17:23+00:00\",\"dateModified\":\"2025-09-10T20:17:37+00:00\",\"breadcrumb\":{\"@id\":\"https:\\\/\\\/saludsostenible.es\\\/product\\\/betacaroteno-complex\\\/#breadcrumb\"},\"inLanguage\":\"en-GB\",\"potentialAction\":[{\"@type\":\"ReadAction\",\"target\":[\"https:\\\/\\\/saludsostenible.es\\\/product\\\/betacaroteno-complex\\\/\"]}]},{\"@type\":\"ImageObject\",\"inLanguage\":\"en-GB\",\"@id\":\"https:\\\/\\\/saludsostenible.es\\\/product\\\/betacaroteno-complex\\\/#primaryimage\",\"url\":\"https:\\\/\\\/saludsostenible.es\\\/wp-content\\\/uploads\\\/2025\\\/09\\\/betacaroteno-complex.jpg\",\"contentUrl\":\"https:\\\/\\\/saludsostenible.es\\\/wp-content\\\/uploads\\\/2025\\\/09\\\/betacaroteno-complex.jpg\",\"width\":800,\"height\":800},{\"@type\":\"BreadcrumbList\",\"@id\":\"https:\\\/\\\/saludsostenible.es\\\/product\\\/betacaroteno-complex\\\/#breadcrumb\",\"itemListElement\":[{\"@type\":\"ListItem\",\"position\":1,\"name\":\"Home\",\"item\":\"https:\\\/\\\/saludsostenible.es\\\/\"},{\"@type\":\"ListItem\",\"position\":2,\"name\":\"Tienda\",\"item\":\"https:\\\/\\\/saludsostenible.es\\\/tienda\\\/\"},{\"@type\":\"ListItem\",\"position\":3,\"name\":\"BETACAROTENO COMPLEX\"}]},{\"@type\":\"WebSite\",\"@id\":\"https:\\\/\\\/saludsostenible.es\\\/#website\",\"url\":\"https:\\\/\\\/saludsostenible.es\\\/\",\"name\":\"Salud Sostenible Beauty & Longevity\",\"description\":\"Plataforma de consulta online y acceso a especialistas privados: salud integrativa, beauty y longevidad. Inicia tu perfil de salud metab\u00f3lica.\",\"publisher\":{\"@id\":\"https:\\\/\\\/saludsostenible.es\\\/#organization\"},\"alternateName\":\"Salud Sostenible\",\"potentialAction\":[{\"@type\":\"SearchAction\",\"target\":{\"@type\":\"EntryPoint\",\"urlTemplate\":\"https:\\\/\\\/saludsostenible.es\\\/?s={search_term_string}\"},\"query-input\":{\"@type\":\"PropertyValueSpecification\",\"valueRequired\":true,\"valueName\":\"search_term_string\"}}],\"inLanguage\":\"en-GB\"},{\"@type\":\"Organization\",\"@id\":\"https:\\\/\\\/saludsostenible.es\\\/#organization\",\"name\":\"Salud Sostenible by Fabrice Lef\u00e8vre Institute\",\"alternateName\":\"Osteopat\u00eda en Barcelona, Madrid y Marbella\",\"url\":\"https:\\\/\\\/saludsostenible.es\\\/\",\"logo\":{\"@type\":\"ImageObject\",\"inLanguage\":\"en-GB\",\"@id\":\"https:\\\/\\\/saludsostenible.es\\\/#\\\/schema\\\/logo\\\/image\\\/\",\"url\":\"https:\\\/\\\/saludsostenible.es\\\/wp-content\\\/uploads\\\/2024\\\/08\\\/probodyone-blog.jpg\",\"contentUrl\":\"https:\\\/\\\/saludsostenible.es\\\/wp-content\\\/uploads\\\/2024\\\/08\\\/probodyone-blog.jpg\",\"width\":1600,\"height\":550,\"caption\":\"Salud Sostenible by Fabrice Lef\u00e8vre Institute\"},\"image\":{\"@id\":\"https:\\\/\\\/saludsostenible.es\\\/#\\\/schema\\\/logo\\\/image\\\/\"},\"sameAs\":[\"https:\\\/\\\/www.facebook.com\\\/ProbodyoneBarcelona\",\"https:\\\/\\\/x.com\\\/probodyone\",\"https:\\\/\\\/www.youtube.com\\\/@Probodyone\\\/videos\"]}]}<\/script>\n<!-- \/ Yoast SEO Premium plugin. -->","yoast_head_json":{"title":"BETACAROTENO COMPLEX - Salud Sostenible by Fabrice Lef&egrave;vre Institute","robots":{"index":"index","follow":"follow","max-snippet":"max-snippet:-1","max-image-preview":"max-image-preview:large","max-video-preview":"max-video-preview:-1"},"canonical":"https:\/\/saludsostenible.es\/en\/product\/betacaroteno-complex\/","og_locale":"en_GB","og_type":"article","og_title":"BETACAROTENO COMPLEX","og_description":"Betacaroteno Complex es un complemento alimenticio formulado para preparar la piel frente a la exposici\u00f3n solar, protegerla del da\u00f1o oxidativo y favorecer un bronceado saludable, gracias a su combinaci\u00f3n de extracto vegetal, vitaminas y minerales","og_url":"https:\/\/saludsostenible.es\/en\/product\/betacaroteno-complex\/","og_site_name":"Salud Sostenible by Fabrice Lef&egrave;vre Institute","article_publisher":"https:\/\/www.facebook.com\/ProbodyoneBarcelona","article_modified_time":"2025-09-10T20:17:37+00:00","og_image":[{"width":800,"height":800,"url":"https:\/\/saludsostenible.es\/wp-content\/uploads\/2025\/09\/betacaroteno-complex.jpg","type":"image\/jpeg"}],"twitter_card":"summary_large_image","twitter_site":"@probodyone","twitter_misc":{"Estimated reading time":"1 minute"},"schema":{"@context":"https:\/\/schema.org","@graph":[{"@type":"WebPage","@id":"https:\/\/saludsostenible.es\/product\/betacaroteno-complex\/","url":"https:\/\/saludsostenible.es\/product\/betacaroteno-complex\/","name":"BETACAROTENO COMPLEX - Salud Sostenible by Fabrice Lef&egrave;vre Institute","isPartOf":{"@id":"https:\/\/saludsostenible.es\/#website"},"primaryImageOfPage":{"@id":"https:\/\/saludsostenible.es\/product\/betacaroteno-complex\/#primaryimage"},"image":{"@id":"https:\/\/saludsostenible.es\/product\/betacaroteno-complex\/#primaryimage"},"thumbnailUrl":"https:\/\/saludsostenible.es\/wp-content\/uploads\/2025\/09\/betacaroteno-complex.jpg","datePublished":"2025-09-10T20:17:23+00:00","dateModified":"2025-09-10T20:17:37+00:00","breadcrumb":{"@id":"https:\/\/saludsostenible.es\/product\/betacaroteno-complex\/#breadcrumb"},"inLanguage":"en-GB","potentialAction":[{"@type":"ReadAction","target":["https:\/\/saludsostenible.es\/product\/betacaroteno-complex\/"]}]},{"@type":"ImageObject","inLanguage":"en-GB","@id":"https:\/\/saludsostenible.es\/product\/betacaroteno-complex\/#primaryimage","url":"https:\/\/saludsostenible.es\/wp-content\/uploads\/2025\/09\/betacaroteno-complex.jpg","contentUrl":"https:\/\/saludsostenible.es\/wp-content\/uploads\/2025\/09\/betacaroteno-complex.jpg","width":800,"height":800},{"@type":"BreadcrumbList","@id":"https:\/\/saludsostenible.es\/product\/betacaroteno-complex\/#breadcrumb","itemListElement":[{"@type":"ListItem","position":1,"name":"Home","item":"https:\/\/saludsostenible.es\/"},{"@type":"ListItem","position":2,"name":"Tienda","item":"https:\/\/saludsostenible.es\/tienda\/"},{"@type":"ListItem","position":3,"name":"BETACAROTENO COMPLEX"}]},{"@type":"WebSite","@id":"https:\/\/saludsostenible.es\/#website","url":"https:\/\/saludsostenible.es\/","name":"Salud Sostenible Beauty & Longevity","description":"Plataforma de consulta online y acceso a especialistas privados: salud integrativa, beauty y longevidad. Inicia tu perfil de salud metab\u00f3lica.","publisher":{"@id":"https:\/\/saludsostenible.es\/#organization"},"alternateName":"Salud Sostenible","potentialAction":[{"@type":"SearchAction","target":{"@type":"EntryPoint","urlTemplate":"https:\/\/saludsostenible.es\/?s={search_term_string}"},"query-input":{"@type":"PropertyValueSpecification","valueRequired":true,"valueName":"search_term_string"}}],"inLanguage":"en-GB"},{"@type":"Organization","@id":"https:\/\/saludsostenible.es\/#organization","name":"Salud Sostenible by Fabrice Lef\u00e8vre Institute","alternateName":"Osteopat\u00eda en Barcelona, Madrid y Marbella","url":"https:\/\/saludsostenible.es\/","logo":{"@type":"ImageObject","inLanguage":"en-GB","@id":"https:\/\/saludsostenible.es\/#\/schema\/logo\/image\/","url":"https:\/\/saludsostenible.es\/wp-content\/uploads\/2024\/08\/probodyone-blog.jpg","contentUrl":"https:\/\/saludsostenible.es\/wp-content\/uploads\/2024\/08\/probodyone-blog.jpg","width":1600,"height":550,"caption":"Salud Sostenible by Fabrice Lef\u00e8vre Institute"},"image":{"@id":"https:\/\/saludsostenible.es\/#\/schema\/logo\/image\/"},"sameAs":["https:\/\/www.facebook.com\/ProbodyoneBarcelona","https:\/\/x.com\/probodyone","https:\/\/www.youtube.com\/@Probodyone\/videos"]}]}},"_links":{"self":[{"href":"https:\/\/saludsostenible.es\/en\/wp-json\/wp\/v2\/product\/501356","targetHints":{"allow":["GET"]}}],"collection":[{"href":"https:\/\/saludsostenible.es\/en\/wp-json\/wp\/v2\/product"}],"about":[{"href":"https:\/\/saludsostenible.es\/en\/wp-json\/wp\/v2\/types\/product"}],"wp:featuredmedia":[{"embeddable":true,"href":"https:\/\/saludsostenible.es\/en\/wp-json\/wp\/v2\/media\/501357"}],"wp:attachment":[{"href":"https:\/\/saludsostenible.es\/en\/wp-json\/wp\/v2\/media?parent=501356"}],"wp:term":[{"taxonomy":"product_brand","embeddable":true,"href":"https:\/\/saludsostenible.es\/en\/wp-json\/wp\/v2\/product_brand?post=501356"},{"taxonomy":"product_cat","embeddable":true,"href":"https:\/\/saludsostenible.es\/en\/wp-json\/wp\/v2\/product_cat?post=501356"},{"taxonomy":"product_tag","embeddable":true,"href":"https:\/\/saludsostenible.es\/en\/wp-json\/wp\/v2\/product_tag?post=501356"}],"curies":[{"name":"wp","href":"https:\/\/api.w.org\/{rel}","templated":true}]}}