{"id":501358,"date":"2025-09-10T20:17:23","date_gmt":"2025-09-10T20:17:23","guid":{"rendered":"https:\/\/saludsostenible.es\/product\/multivitaminas-y-minerales\/"},"modified":"2025-09-10T20:17:38","modified_gmt":"2025-09-10T20:17:38","slug":"multivitaminas-y-minerales","status":"publish","type":"product","link":"https:\/\/saludsostenible.es\/en\/product\/multivitaminas-y-minerales\/","title":{"rendered":"MULTIVITAMINAS Y MINERALES"},"content":{"rendered":"<p>INDICACIONES<br \/>\nContribuye a la reducci\u00f3n del cansancio y la fatiga<br \/>\nAporta nutrientes esenciales para el funcionamiento normal del sistema inmunitario, piel, visi\u00f3n y metabolismo energ\u00e9tico<br \/>\nApoyo mineral: hierro para oxigenaci\u00f3n, zinc y selenio como antioxidantes; yodo para tiroides, entre otros<br \/>\nINGREDIENTES<br \/>\nAceite refinado de semillas de girasol\u00a0(Helianthus annuus L.), \u00f3xido de magnesio, antiaglomerante calcio fosfato dib\u00e1sico, vitamina C (\u00e1cido L-asc\u00f3rbico), emulgente cera amarilla de abejas, inositol, sulfato de hierro, sulfato de zinc, emulgente lecitina de semillas de\u00a0Soja, vitamina E (D-alfa tocoferol), niacina (nicotinamida), \u00e1cido pantot\u00e9nico (D-pantotenato de calcio), sulfato de manganeso, vitamina A (palmitato de retinilo), sulfato de cobre, vitamina B12 (cianocobalamina), vitamina B6 (clorhidrato de piridoxina), vitamina B2 (riboflavina), vitamina B1 (mononitrato de tiamina), yodato de potasio, vitamina D3 (colecalciferol), \u00e1cido f\u00f3lico (\u00e1cido pteroilmonoglut\u00e1mico), molibdato de sodio, selenito de sodio, biotina (D-biotina). Cubierta de la c\u00e1psula: gelatina, humectante glicerina, colorante \u00f3xido de hierro negro.<br \/>\nMODO DE USO<br \/>\nTomar una c\u00e1psula al d\u00eda.<br \/>\nPRECAUCIONES<br \/>\nNo superar la dosis diaria recomendada.<br \/>\nMantener fuera del alcance de los ni\u00f1os m\u00e1s peque\u00f1os.<br \/>\nLos complementos alimenticios no deben utilizarse como sustitutos de una dieta variada y equilibrada\u00a0 y un estilo de vida saludable.<br \/>\nContiene un producto a base de Soja.<br \/>\nCONDICIONES DE CONSERVACI\u00d3N: Ambiente fresco y seco.<br \/>\nASHWAGANDHA<\/p>","protected":false},"excerpt":{"rendered":"<p>Se trata de un complemento alimenticio en c\u00e1psulas vegetales (tambi\u00e9n disponibles en formato perlas) que aporta una formulaci\u00f3n completa con 12 vitaminas, 8 minerales e inositol, especialmente pensado para combatir el cansancio y la fatiga cotidiana<\/p>","protected":false},"featured_media":501359,"template":"","meta":[],"product_brand":[191],"product_cat":[249,284,192,262],"product_tag":[],"class_list":{"0":"post-501358","1":"product","2":"type-product","3":"status-publish","4":"has-post-thumbnail","6":"product_brand-natysal","7":"product_cat-energia-vitalidad","8":"product_cat-equilibrio-acido-desmineralizado","9":"product_cat-natysal","10":"product_cat-suplementos-micronutricionales","11":"product_shipping_class-producto-fisico","13":"first","14":"instock","15":"purchasable","16":"product-type-simple"},"yoast_head":"<!-- This site is optimized with the Yoast SEO Premium plugin v22.9 (Yoast SEO v27.6) - https:\/\/yoast.com\/product\/yoast-seo-premium-wordpress\/ -->\n<title>MULTIVITAMINAS Y MINERALES - Salud Sostenible by Fabrice Lef&egrave;vre Institute<\/title>\n<meta name=\"robots\" content=\"index, follow, max-snippet:-1, max-image-preview:large, max-video-preview:-1\" \/>\n<link rel=\"canonical\" href=\"https:\/\/saludsostenible.es\/en\/product\/multivitaminas-y-minerales\/\" \/>\n<meta property=\"og:locale\" content=\"en_GB\" \/>\n<meta property=\"og:type\" content=\"article\" \/>\n<meta property=\"og:title\" content=\"MULTIVITAMINAS Y MINERALES\" \/>\n<meta property=\"og:description\" content=\"Se trata de un complemento alimenticio en c\u00e1psulas vegetales (tambi\u00e9n disponibles en formato perlas) que aporta una formulaci\u00f3n completa con 12 vitaminas, 8 minerales e inositol, especialmente pensado para combatir el cansancio y la fatiga cotidiana\" \/>\n<meta property=\"og:url\" content=\"https:\/\/saludsostenible.es\/en\/product\/multivitaminas-y-minerales\/\" \/>\n<meta property=\"og:site_name\" content=\"Salud Sostenible by Fabrice Lef&egrave;vre Institute\" \/>\n<meta property=\"article:publisher\" content=\"https:\/\/www.facebook.com\/ProbodyoneBarcelona\" \/>\n<meta property=\"article:modified_time\" content=\"2025-09-10T20:17:38+00:00\" \/>\n<meta property=\"og:image\" content=\"https:\/\/saludsostenible.es\/wp-content\/uploads\/2025\/09\/multivitaminas-y-minerales.jpg\" \/>\n\t<meta property=\"og:image:width\" content=\"800\" \/>\n\t<meta property=\"og:image:height\" content=\"800\" \/>\n\t<meta property=\"og:image:type\" content=\"image\/jpeg\" \/>\n<meta name=\"twitter:card\" content=\"summary_large_image\" \/>\n<meta name=\"twitter:site\" content=\"@probodyone\" \/>\n<meta name=\"twitter:label1\" content=\"Estimated reading time\" \/>\n\t<meta name=\"twitter:data1\" content=\"1 minute\" \/>\n<script type=\"application\/ld+json\" class=\"yoast-schema-graph\">{\"@context\":\"https:\\\/\\\/schema.org\",\"@graph\":[{\"@type\":\"WebPage\",\"@id\":\"https:\\\/\\\/saludsostenible.es\\\/product\\\/multivitaminas-y-minerales\\\/\",\"url\":\"https:\\\/\\\/saludsostenible.es\\\/product\\\/multivitaminas-y-minerales\\\/\",\"name\":\"MULTIVITAMINAS Y MINERALES - Salud Sostenible by Fabrice Lef&egrave;vre Institute\",\"isPartOf\":{\"@id\":\"https:\\\/\\\/saludsostenible.es\\\/#website\"},\"primaryImageOfPage\":{\"@id\":\"https:\\\/\\\/saludsostenible.es\\\/product\\\/multivitaminas-y-minerales\\\/#primaryimage\"},\"image\":{\"@id\":\"https:\\\/\\\/saludsostenible.es\\\/product\\\/multivitaminas-y-minerales\\\/#primaryimage\"},\"thumbnailUrl\":\"https:\\\/\\\/saludsostenible.es\\\/wp-content\\\/uploads\\\/2025\\\/09\\\/multivitaminas-y-minerales.jpg\",\"datePublished\":\"2025-09-10T20:17:23+00:00\",\"dateModified\":\"2025-09-10T20:17:38+00:00\",\"breadcrumb\":{\"@id\":\"https:\\\/\\\/saludsostenible.es\\\/product\\\/multivitaminas-y-minerales\\\/#breadcrumb\"},\"inLanguage\":\"en-GB\",\"potentialAction\":[{\"@type\":\"ReadAction\",\"target\":[\"https:\\\/\\\/saludsostenible.es\\\/product\\\/multivitaminas-y-minerales\\\/\"]}]},{\"@type\":\"ImageObject\",\"inLanguage\":\"en-GB\",\"@id\":\"https:\\\/\\\/saludsostenible.es\\\/product\\\/multivitaminas-y-minerales\\\/#primaryimage\",\"url\":\"https:\\\/\\\/saludsostenible.es\\\/wp-content\\\/uploads\\\/2025\\\/09\\\/multivitaminas-y-minerales.jpg\",\"contentUrl\":\"https:\\\/\\\/saludsostenible.es\\\/wp-content\\\/uploads\\\/2025\\\/09\\\/multivitaminas-y-minerales.jpg\",\"width\":800,\"height\":800},{\"@type\":\"BreadcrumbList\",\"@id\":\"https:\\\/\\\/saludsostenible.es\\\/product\\\/multivitaminas-y-minerales\\\/#breadcrumb\",\"itemListElement\":[{\"@type\":\"ListItem\",\"position\":1,\"name\":\"Home\",\"item\":\"https:\\\/\\\/saludsostenible.es\\\/\"},{\"@type\":\"ListItem\",\"position\":2,\"name\":\"Tienda\",\"item\":\"https:\\\/\\\/saludsostenible.es\\\/tienda\\\/\"},{\"@type\":\"ListItem\",\"position\":3,\"name\":\"MULTIVITAMINAS Y MINERALES\"}]},{\"@type\":\"WebSite\",\"@id\":\"https:\\\/\\\/saludsostenible.es\\\/#website\",\"url\":\"https:\\\/\\\/saludsostenible.es\\\/\",\"name\":\"Salud Sostenible Beauty & Longevity\",\"description\":\"Plataforma de consulta online y acceso a especialistas privados: salud integrativa, beauty y longevidad. Inicia tu perfil de salud metab\u00f3lica.\",\"publisher\":{\"@id\":\"https:\\\/\\\/saludsostenible.es\\\/#organization\"},\"alternateName\":\"Salud Sostenible\",\"potentialAction\":[{\"@type\":\"SearchAction\",\"target\":{\"@type\":\"EntryPoint\",\"urlTemplate\":\"https:\\\/\\\/saludsostenible.es\\\/?s={search_term_string}\"},\"query-input\":{\"@type\":\"PropertyValueSpecification\",\"valueRequired\":true,\"valueName\":\"search_term_string\"}}],\"inLanguage\":\"en-GB\"},{\"@type\":\"Organization\",\"@id\":\"https:\\\/\\\/saludsostenible.es\\\/#organization\",\"name\":\"Salud Sostenible by Fabrice Lef\u00e8vre Institute\",\"alternateName\":\"Osteopat\u00eda en Barcelona, Madrid y Marbella\",\"url\":\"https:\\\/\\\/saludsostenible.es\\\/\",\"logo\":{\"@type\":\"ImageObject\",\"inLanguage\":\"en-GB\",\"@id\":\"https:\\\/\\\/saludsostenible.es\\\/#\\\/schema\\\/logo\\\/image\\\/\",\"url\":\"https:\\\/\\\/saludsostenible.es\\\/wp-content\\\/uploads\\\/2024\\\/08\\\/probodyone-blog.jpg\",\"contentUrl\":\"https:\\\/\\\/saludsostenible.es\\\/wp-content\\\/uploads\\\/2024\\\/08\\\/probodyone-blog.jpg\",\"width\":1600,\"height\":550,\"caption\":\"Salud Sostenible by Fabrice Lef\u00e8vre Institute\"},\"image\":{\"@id\":\"https:\\\/\\\/saludsostenible.es\\\/#\\\/schema\\\/logo\\\/image\\\/\"},\"sameAs\":[\"https:\\\/\\\/www.facebook.com\\\/ProbodyoneBarcelona\",\"https:\\\/\\\/x.com\\\/probodyone\",\"https:\\\/\\\/www.youtube.com\\\/@Probodyone\\\/videos\"]}]}<\/script>\n<!-- \/ Yoast SEO Premium plugin. -->","yoast_head_json":{"title":"MULTIVITAMINAS Y MINERALES - Salud Sostenible by Fabrice Lef&egrave;vre Institute","robots":{"index":"index","follow":"follow","max-snippet":"max-snippet:-1","max-image-preview":"max-image-preview:large","max-video-preview":"max-video-preview:-1"},"canonical":"https:\/\/saludsostenible.es\/en\/product\/multivitaminas-y-minerales\/","og_locale":"en_GB","og_type":"article","og_title":"MULTIVITAMINAS Y MINERALES","og_description":"Se trata de un complemento alimenticio en c\u00e1psulas vegetales (tambi\u00e9n disponibles en formato perlas) que aporta una formulaci\u00f3n completa con 12 vitaminas, 8 minerales e inositol, especialmente pensado para combatir el cansancio y la fatiga cotidiana","og_url":"https:\/\/saludsostenible.es\/en\/product\/multivitaminas-y-minerales\/","og_site_name":"Salud Sostenible by Fabrice Lef&egrave;vre Institute","article_publisher":"https:\/\/www.facebook.com\/ProbodyoneBarcelona","article_modified_time":"2025-09-10T20:17:38+00:00","og_image":[{"width":800,"height":800,"url":"https:\/\/saludsostenible.es\/wp-content\/uploads\/2025\/09\/multivitaminas-y-minerales.jpg","type":"image\/jpeg"}],"twitter_card":"summary_large_image","twitter_site":"@probodyone","twitter_misc":{"Estimated reading time":"1 minute"},"schema":{"@context":"https:\/\/schema.org","@graph":[{"@type":"WebPage","@id":"https:\/\/saludsostenible.es\/product\/multivitaminas-y-minerales\/","url":"https:\/\/saludsostenible.es\/product\/multivitaminas-y-minerales\/","name":"MULTIVITAMINAS Y MINERALES - Salud Sostenible by Fabrice Lef&egrave;vre Institute","isPartOf":{"@id":"https:\/\/saludsostenible.es\/#website"},"primaryImageOfPage":{"@id":"https:\/\/saludsostenible.es\/product\/multivitaminas-y-minerales\/#primaryimage"},"image":{"@id":"https:\/\/saludsostenible.es\/product\/multivitaminas-y-minerales\/#primaryimage"},"thumbnailUrl":"https:\/\/saludsostenible.es\/wp-content\/uploads\/2025\/09\/multivitaminas-y-minerales.jpg","datePublished":"2025-09-10T20:17:23+00:00","dateModified":"2025-09-10T20:17:38+00:00","breadcrumb":{"@id":"https:\/\/saludsostenible.es\/product\/multivitaminas-y-minerales\/#breadcrumb"},"inLanguage":"en-GB","potentialAction":[{"@type":"ReadAction","target":["https:\/\/saludsostenible.es\/product\/multivitaminas-y-minerales\/"]}]},{"@type":"ImageObject","inLanguage":"en-GB","@id":"https:\/\/saludsostenible.es\/product\/multivitaminas-y-minerales\/#primaryimage","url":"https:\/\/saludsostenible.es\/wp-content\/uploads\/2025\/09\/multivitaminas-y-minerales.jpg","contentUrl":"https:\/\/saludsostenible.es\/wp-content\/uploads\/2025\/09\/multivitaminas-y-minerales.jpg","width":800,"height":800},{"@type":"BreadcrumbList","@id":"https:\/\/saludsostenible.es\/product\/multivitaminas-y-minerales\/#breadcrumb","itemListElement":[{"@type":"ListItem","position":1,"name":"Home","item":"https:\/\/saludsostenible.es\/"},{"@type":"ListItem","position":2,"name":"Tienda","item":"https:\/\/saludsostenible.es\/tienda\/"},{"@type":"ListItem","position":3,"name":"MULTIVITAMINAS Y MINERALES"}]},{"@type":"WebSite","@id":"https:\/\/saludsostenible.es\/#website","url":"https:\/\/saludsostenible.es\/","name":"Salud Sostenible Beauty & Longevity","description":"Plataforma de consulta online y acceso a especialistas privados: salud integrativa, beauty y longevidad. Inicia tu perfil de salud metab\u00f3lica.","publisher":{"@id":"https:\/\/saludsostenible.es\/#organization"},"alternateName":"Salud Sostenible","potentialAction":[{"@type":"SearchAction","target":{"@type":"EntryPoint","urlTemplate":"https:\/\/saludsostenible.es\/?s={search_term_string}"},"query-input":{"@type":"PropertyValueSpecification","valueRequired":true,"valueName":"search_term_string"}}],"inLanguage":"en-GB"},{"@type":"Organization","@id":"https:\/\/saludsostenible.es\/#organization","name":"Salud Sostenible by Fabrice Lef\u00e8vre Institute","alternateName":"Osteopat\u00eda en Barcelona, Madrid y Marbella","url":"https:\/\/saludsostenible.es\/","logo":{"@type":"ImageObject","inLanguage":"en-GB","@id":"https:\/\/saludsostenible.es\/#\/schema\/logo\/image\/","url":"https:\/\/saludsostenible.es\/wp-content\/uploads\/2024\/08\/probodyone-blog.jpg","contentUrl":"https:\/\/saludsostenible.es\/wp-content\/uploads\/2024\/08\/probodyone-blog.jpg","width":1600,"height":550,"caption":"Salud Sostenible by Fabrice Lef\u00e8vre Institute"},"image":{"@id":"https:\/\/saludsostenible.es\/#\/schema\/logo\/image\/"},"sameAs":["https:\/\/www.facebook.com\/ProbodyoneBarcelona","https:\/\/x.com\/probodyone","https:\/\/www.youtube.com\/@Probodyone\/videos"]}]}},"_links":{"self":[{"href":"https:\/\/saludsostenible.es\/en\/wp-json\/wp\/v2\/product\/501358","targetHints":{"allow":["GET"]}}],"collection":[{"href":"https:\/\/saludsostenible.es\/en\/wp-json\/wp\/v2\/product"}],"about":[{"href":"https:\/\/saludsostenible.es\/en\/wp-json\/wp\/v2\/types\/product"}],"wp:featuredmedia":[{"embeddable":true,"href":"https:\/\/saludsostenible.es\/en\/wp-json\/wp\/v2\/media\/501359"}],"wp:attachment":[{"href":"https:\/\/saludsostenible.es\/en\/wp-json\/wp\/v2\/media?parent=501358"}],"wp:term":[{"taxonomy":"product_brand","embeddable":true,"href":"https:\/\/saludsostenible.es\/en\/wp-json\/wp\/v2\/product_brand?post=501358"},{"taxonomy":"product_cat","embeddable":true,"href":"https:\/\/saludsostenible.es\/en\/wp-json\/wp\/v2\/product_cat?post=501358"},{"taxonomy":"product_tag","embeddable":true,"href":"https:\/\/saludsostenible.es\/en\/wp-json\/wp\/v2\/product_tag?post=501358"}],"curies":[{"name":"wp","href":"https:\/\/api.w.org\/{rel}","templated":true}]}}