{"id":501360,"date":"2025-09-10T20:17:23","date_gmt":"2025-09-10T20:17:23","guid":{"rendered":"https:\/\/saludsostenible.es\/product\/ashwagandha\/"},"modified":"2025-09-10T20:17:39","modified_gmt":"2025-09-10T20:17:39","slug":"ashwagandha","status":"publish","type":"product","link":"https:\/\/saludsostenible.es\/en\/product\/ashwagandha\/","title":{"rendered":"ASHWAGANDHA"},"content":{"rendered":"<p>INDICACIONES<br \/>\nAcci\u00f3n adapt\u00f3gena que ayuda a reducir la tensi\u00f3n nerviosa, mejorar la resistencia al estr\u00e9s y disminuir niveles de cortisol<br \/>\nReducci\u00f3n de ansiedad, mejor calidad de sue\u00f1o y alivio del insomnio ocasional.<br \/>\nMejora del estado f\u00edsico, mental y cognitivo, con aporte antioxidante y acci\u00f3n antiinflamatoria<br \/>\nEstimulo del sistema inmunitario, protecci\u00f3n frente al estr\u00e9s oxidativo y da\u00f1o celular.<br \/>\nAdem\u00e1s, en personas j\u00f3venes y sanas puede aumentar ligeramente la testosterona y mejorar par\u00e1metros de fertilidad masculina<br \/>\nINGREDIENTES<br \/>\nExtracto seco de ra\u00edz de Rhodiola (Rhodiola rosea L.) con un 3% de rosavin, Sensoril\u00ae: extracto seco de ra\u00edz y hojas de Ashwagandha (Withania omn\u00edfera) con un 10% de glic\u00f3sidos de withan\u00f3lidos y un 32% de oligosac\u00e1ridos, agente de recubrimiento (hidroxipropilmetilcelulosa, colorante E172), extracto seco de frutos de Schizandra (Schisandra chinensis) con un 2% de schisandrinas, antiaglomerante sales magn\u00e9sicas de \u00e1cidos grasos.<br \/>\nMODO DE USO<br \/>\nTomar 2 c\u00e1psulas al d\u00eda (1 por la ma\u00f1ana y 1 a mediod\u00eda).<br \/>\nPRECAUCIONES<br \/>\nNo superar la dosis diaria recomendada.<br \/>\nMantener fuera del alcance de los ni\u00f1os m\u00e1s peque\u00f1os.<br \/>\nLos complementos alimenticios no deben utilizarse como sustitutos de una dieta variada y equilibrada y un estilo de vida saludable.<br \/>\nConsulte con su m\u00e9dico o farmac\u00e9utico en caso de toma simult\u00e1nea de anticoagulantes.<br \/>\nCondiciones de conservaci\u00f3n:\u00a0Proteger de la luz, el calor y humedad.<br \/>\nCALMOGENE RHODIOLA COMPLEX (Rhodiola + Ashwagandha + Schizabdra)<\/p>","protected":false},"excerpt":{"rendered":"<p>Un complemento alimenticio en c\u00e1psulas vegetales (40 o 60 unidades), formulado exclusivamente con ra\u00edz y hojas de Ashwagandha (Withania somnifera), una planta adapt\u00f3gena muy utilizada en medicina ayurv\u00e9dica para ayudar al organismo a responder mejor frente al estr\u00e9s f\u00edsico y emocional<\/p>","protected":false},"featured_media":501361,"template":"","meta":[],"product_brand":[191],"product_cat":[250,192,283,262],"product_tag":[],"class_list":{"0":"post-501360","1":"product","2":"type-product","3":"status-publish","4":"has-post-thumbnail","6":"product_brand-natysal","7":"product_cat-estres-sueno-equilibrio-mental","8":"product_cat-natysal","9":"product_cat-salud-cognitiva-concentracion-memoria","10":"product_cat-suplementos-micronutricionales","11":"product_shipping_class-producto-fisico","13":"first","14":"instock","15":"purchasable","16":"product-type-simple"},"yoast_head":"<!-- This site is optimized with the Yoast SEO Premium plugin v22.9 (Yoast SEO v27.6) - https:\/\/yoast.com\/product\/yoast-seo-premium-wordpress\/ -->\n<title>ASHWAGANDHA - Salud Sostenible by Fabrice Lef&egrave;vre Institute<\/title>\n<meta name=\"robots\" content=\"index, follow, max-snippet:-1, max-image-preview:large, max-video-preview:-1\" \/>\n<link rel=\"canonical\" href=\"https:\/\/saludsostenible.es\/en\/product\/ashwagandha\/\" \/>\n<meta property=\"og:locale\" content=\"en_GB\" \/>\n<meta property=\"og:type\" content=\"article\" \/>\n<meta property=\"og:title\" content=\"ASHWAGANDHA\" \/>\n<meta property=\"og:description\" content=\"Un complemento alimenticio en c\u00e1psulas vegetales (40 o 60 unidades), formulado exclusivamente con ra\u00edz y hojas de Ashwagandha (Withania somnifera), una planta adapt\u00f3gena muy utilizada en medicina ayurv\u00e9dica para ayudar al organismo a responder mejor frente al estr\u00e9s f\u00edsico y emocional\" \/>\n<meta property=\"og:url\" content=\"https:\/\/saludsostenible.es\/en\/product\/ashwagandha\/\" \/>\n<meta property=\"og:site_name\" content=\"Salud Sostenible by Fabrice Lef&egrave;vre Institute\" \/>\n<meta property=\"article:publisher\" content=\"https:\/\/www.facebook.com\/ProbodyoneBarcelona\" \/>\n<meta property=\"article:modified_time\" content=\"2025-09-10T20:17:39+00:00\" \/>\n<meta property=\"og:image\" content=\"https:\/\/saludsostenible.es\/wp-content\/uploads\/2025\/09\/ashwagandha.jpg\" \/>\n\t<meta property=\"og:image:width\" content=\"474\" \/>\n\t<meta property=\"og:image:height\" content=\"675\" \/>\n\t<meta property=\"og:image:type\" content=\"image\/png\" \/>\n<meta name=\"twitter:card\" content=\"summary_large_image\" \/>\n<meta name=\"twitter:site\" content=\"@probodyone\" \/>\n<meta name=\"twitter:label1\" content=\"Estimated reading time\" \/>\n\t<meta name=\"twitter:data1\" content=\"1 minute\" \/>\n<script type=\"application\/ld+json\" class=\"yoast-schema-graph\">{\"@context\":\"https:\\\/\\\/schema.org\",\"@graph\":[{\"@type\":\"WebPage\",\"@id\":\"https:\\\/\\\/saludsostenible.es\\\/product\\\/ashwagandha\\\/\",\"url\":\"https:\\\/\\\/saludsostenible.es\\\/product\\\/ashwagandha\\\/\",\"name\":\"ASHWAGANDHA - Salud Sostenible by Fabrice Lef&egrave;vre Institute\",\"isPartOf\":{\"@id\":\"https:\\\/\\\/saludsostenible.es\\\/#website\"},\"primaryImageOfPage\":{\"@id\":\"https:\\\/\\\/saludsostenible.es\\\/product\\\/ashwagandha\\\/#primaryimage\"},\"image\":{\"@id\":\"https:\\\/\\\/saludsostenible.es\\\/product\\\/ashwagandha\\\/#primaryimage\"},\"thumbnailUrl\":\"https:\\\/\\\/saludsostenible.es\\\/wp-content\\\/uploads\\\/2025\\\/09\\\/ashwagandha.jpg\",\"datePublished\":\"2025-09-10T20:17:23+00:00\",\"dateModified\":\"2025-09-10T20:17:39+00:00\",\"breadcrumb\":{\"@id\":\"https:\\\/\\\/saludsostenible.es\\\/product\\\/ashwagandha\\\/#breadcrumb\"},\"inLanguage\":\"en-GB\",\"potentialAction\":[{\"@type\":\"ReadAction\",\"target\":[\"https:\\\/\\\/saludsostenible.es\\\/product\\\/ashwagandha\\\/\"]}]},{\"@type\":\"ImageObject\",\"inLanguage\":\"en-GB\",\"@id\":\"https:\\\/\\\/saludsostenible.es\\\/product\\\/ashwagandha\\\/#primaryimage\",\"url\":\"https:\\\/\\\/saludsostenible.es\\\/wp-content\\\/uploads\\\/2025\\\/09\\\/ashwagandha.jpg\",\"contentUrl\":\"https:\\\/\\\/saludsostenible.es\\\/wp-content\\\/uploads\\\/2025\\\/09\\\/ashwagandha.jpg\",\"width\":474,\"height\":675},{\"@type\":\"BreadcrumbList\",\"@id\":\"https:\\\/\\\/saludsostenible.es\\\/product\\\/ashwagandha\\\/#breadcrumb\",\"itemListElement\":[{\"@type\":\"ListItem\",\"position\":1,\"name\":\"Home\",\"item\":\"https:\\\/\\\/saludsostenible.es\\\/\"},{\"@type\":\"ListItem\",\"position\":2,\"name\":\"Tienda\",\"item\":\"https:\\\/\\\/saludsostenible.es\\\/tienda\\\/\"},{\"@type\":\"ListItem\",\"position\":3,\"name\":\"ASHWAGANDHA\"}]},{\"@type\":\"WebSite\",\"@id\":\"https:\\\/\\\/saludsostenible.es\\\/#website\",\"url\":\"https:\\\/\\\/saludsostenible.es\\\/\",\"name\":\"Salud Sostenible Beauty & Longevity\",\"description\":\"Plataforma de consulta online y acceso a especialistas privados: salud integrativa, beauty y longevidad. Inicia tu perfil de salud metab\u00f3lica.\",\"publisher\":{\"@id\":\"https:\\\/\\\/saludsostenible.es\\\/#organization\"},\"alternateName\":\"Salud Sostenible\",\"potentialAction\":[{\"@type\":\"SearchAction\",\"target\":{\"@type\":\"EntryPoint\",\"urlTemplate\":\"https:\\\/\\\/saludsostenible.es\\\/?s={search_term_string}\"},\"query-input\":{\"@type\":\"PropertyValueSpecification\",\"valueRequired\":true,\"valueName\":\"search_term_string\"}}],\"inLanguage\":\"en-GB\"},{\"@type\":\"Organization\",\"@id\":\"https:\\\/\\\/saludsostenible.es\\\/#organization\",\"name\":\"Salud Sostenible by Fabrice Lef\u00e8vre Institute\",\"alternateName\":\"Osteopat\u00eda en Barcelona, Madrid y Marbella\",\"url\":\"https:\\\/\\\/saludsostenible.es\\\/\",\"logo\":{\"@type\":\"ImageObject\",\"inLanguage\":\"en-GB\",\"@id\":\"https:\\\/\\\/saludsostenible.es\\\/#\\\/schema\\\/logo\\\/image\\\/\",\"url\":\"https:\\\/\\\/saludsostenible.es\\\/wp-content\\\/uploads\\\/2024\\\/08\\\/probodyone-blog.jpg\",\"contentUrl\":\"https:\\\/\\\/saludsostenible.es\\\/wp-content\\\/uploads\\\/2024\\\/08\\\/probodyone-blog.jpg\",\"width\":1600,\"height\":550,\"caption\":\"Salud Sostenible by Fabrice Lef\u00e8vre Institute\"},\"image\":{\"@id\":\"https:\\\/\\\/saludsostenible.es\\\/#\\\/schema\\\/logo\\\/image\\\/\"},\"sameAs\":[\"https:\\\/\\\/www.facebook.com\\\/ProbodyoneBarcelona\",\"https:\\\/\\\/x.com\\\/probodyone\",\"https:\\\/\\\/www.youtube.com\\\/@Probodyone\\\/videos\"]}]}<\/script>\n<!-- \/ Yoast SEO Premium plugin. -->","yoast_head_json":{"title":"ASHWAGANDHA - Salud Sostenible by Fabrice Lef&egrave;vre Institute","robots":{"index":"index","follow":"follow","max-snippet":"max-snippet:-1","max-image-preview":"max-image-preview:large","max-video-preview":"max-video-preview:-1"},"canonical":"https:\/\/saludsostenible.es\/en\/product\/ashwagandha\/","og_locale":"en_GB","og_type":"article","og_title":"ASHWAGANDHA","og_description":"Un complemento alimenticio en c\u00e1psulas vegetales (40 o 60 unidades), formulado exclusivamente con ra\u00edz y hojas de Ashwagandha (Withania somnifera), una planta adapt\u00f3gena muy utilizada en medicina ayurv\u00e9dica para ayudar al organismo a responder mejor frente al estr\u00e9s f\u00edsico y emocional","og_url":"https:\/\/saludsostenible.es\/en\/product\/ashwagandha\/","og_site_name":"Salud Sostenible by Fabrice Lef&egrave;vre Institute","article_publisher":"https:\/\/www.facebook.com\/ProbodyoneBarcelona","article_modified_time":"2025-09-10T20:17:39+00:00","og_image":[{"width":474,"height":675,"url":"https:\/\/saludsostenible.es\/wp-content\/uploads\/2025\/09\/ashwagandha.jpg","type":"image\/png"}],"twitter_card":"summary_large_image","twitter_site":"@probodyone","twitter_misc":{"Estimated reading time":"1 minute"},"schema":{"@context":"https:\/\/schema.org","@graph":[{"@type":"WebPage","@id":"https:\/\/saludsostenible.es\/product\/ashwagandha\/","url":"https:\/\/saludsostenible.es\/product\/ashwagandha\/","name":"ASHWAGANDHA - Salud Sostenible by Fabrice Lef&egrave;vre Institute","isPartOf":{"@id":"https:\/\/saludsostenible.es\/#website"},"primaryImageOfPage":{"@id":"https:\/\/saludsostenible.es\/product\/ashwagandha\/#primaryimage"},"image":{"@id":"https:\/\/saludsostenible.es\/product\/ashwagandha\/#primaryimage"},"thumbnailUrl":"https:\/\/saludsostenible.es\/wp-content\/uploads\/2025\/09\/ashwagandha.jpg","datePublished":"2025-09-10T20:17:23+00:00","dateModified":"2025-09-10T20:17:39+00:00","breadcrumb":{"@id":"https:\/\/saludsostenible.es\/product\/ashwagandha\/#breadcrumb"},"inLanguage":"en-GB","potentialAction":[{"@type":"ReadAction","target":["https:\/\/saludsostenible.es\/product\/ashwagandha\/"]}]},{"@type":"ImageObject","inLanguage":"en-GB","@id":"https:\/\/saludsostenible.es\/product\/ashwagandha\/#primaryimage","url":"https:\/\/saludsostenible.es\/wp-content\/uploads\/2025\/09\/ashwagandha.jpg","contentUrl":"https:\/\/saludsostenible.es\/wp-content\/uploads\/2025\/09\/ashwagandha.jpg","width":474,"height":675},{"@type":"BreadcrumbList","@id":"https:\/\/saludsostenible.es\/product\/ashwagandha\/#breadcrumb","itemListElement":[{"@type":"ListItem","position":1,"name":"Home","item":"https:\/\/saludsostenible.es\/"},{"@type":"ListItem","position":2,"name":"Tienda","item":"https:\/\/saludsostenible.es\/tienda\/"},{"@type":"ListItem","position":3,"name":"ASHWAGANDHA"}]},{"@type":"WebSite","@id":"https:\/\/saludsostenible.es\/#website","url":"https:\/\/saludsostenible.es\/","name":"Salud Sostenible Beauty & Longevity","description":"Plataforma de consulta online y acceso a especialistas privados: salud integrativa, beauty y longevidad. Inicia tu perfil de salud metab\u00f3lica.","publisher":{"@id":"https:\/\/saludsostenible.es\/#organization"},"alternateName":"Salud Sostenible","potentialAction":[{"@type":"SearchAction","target":{"@type":"EntryPoint","urlTemplate":"https:\/\/saludsostenible.es\/?s={search_term_string}"},"query-input":{"@type":"PropertyValueSpecification","valueRequired":true,"valueName":"search_term_string"}}],"inLanguage":"en-GB"},{"@type":"Organization","@id":"https:\/\/saludsostenible.es\/#organization","name":"Salud Sostenible by Fabrice Lef\u00e8vre Institute","alternateName":"Osteopat\u00eda en Barcelona, Madrid y Marbella","url":"https:\/\/saludsostenible.es\/","logo":{"@type":"ImageObject","inLanguage":"en-GB","@id":"https:\/\/saludsostenible.es\/#\/schema\/logo\/image\/","url":"https:\/\/saludsostenible.es\/wp-content\/uploads\/2024\/08\/probodyone-blog.jpg","contentUrl":"https:\/\/saludsostenible.es\/wp-content\/uploads\/2024\/08\/probodyone-blog.jpg","width":1600,"height":550,"caption":"Salud Sostenible by Fabrice Lef\u00e8vre Institute"},"image":{"@id":"https:\/\/saludsostenible.es\/#\/schema\/logo\/image\/"},"sameAs":["https:\/\/www.facebook.com\/ProbodyoneBarcelona","https:\/\/x.com\/probodyone","https:\/\/www.youtube.com\/@Probodyone\/videos"]}]}},"_links":{"self":[{"href":"https:\/\/saludsostenible.es\/en\/wp-json\/wp\/v2\/product\/501360","targetHints":{"allow":["GET"]}}],"collection":[{"href":"https:\/\/saludsostenible.es\/en\/wp-json\/wp\/v2\/product"}],"about":[{"href":"https:\/\/saludsostenible.es\/en\/wp-json\/wp\/v2\/types\/product"}],"wp:featuredmedia":[{"embeddable":true,"href":"https:\/\/saludsostenible.es\/en\/wp-json\/wp\/v2\/media\/501361"}],"wp:attachment":[{"href":"https:\/\/saludsostenible.es\/en\/wp-json\/wp\/v2\/media?parent=501360"}],"wp:term":[{"taxonomy":"product_brand","embeddable":true,"href":"https:\/\/saludsostenible.es\/en\/wp-json\/wp\/v2\/product_brand?post=501360"},{"taxonomy":"product_cat","embeddable":true,"href":"https:\/\/saludsostenible.es\/en\/wp-json\/wp\/v2\/product_cat?post=501360"},{"taxonomy":"product_tag","embeddable":true,"href":"https:\/\/saludsostenible.es\/en\/wp-json\/wp\/v2\/product_tag?post=501360"}],"curies":[{"name":"wp","href":"https:\/\/api.w.org\/{rel}","templated":true}]}}