{"id":501370,"date":"2025-09-10T20:17:43","date_gmt":"2025-09-10T20:17:43","guid":{"rendered":"https:\/\/saludsostenible.es\/product\/natupel\/"},"modified":"2026-04-28T20:11:37","modified_gmt":"2026-04-28T20:11:37","slug":"natupel","status":"publish","type":"product","link":"https:\/\/saludsostenible.es\/en\/product\/natupel\/","title":{"rendered":"NATUPEL"},"content":{"rendered":"<p>INDICACIONES<br \/>\nEstimula la formaci\u00f3n de queratina, gracias a Lcistina y Larginina: prote\u00ednas clave del cabello y u\u00f1as.<br \/>\nBiotina y zinc: esenciales para mantener la piel, cabello y u\u00f1as en condiciones normales<br \/>\nSelenio y cobre: ayudan en la pigmentaci\u00f3n capilar normal y aportan efecto antioxidante<br \/>\nVitaminas B (6, 5, \u00e1cido f\u00f3lico): favorecen el metabolismo energ\u00e9tico, regeneraci\u00f3n celular y salud cut\u00e1nea<br \/>\nINGREDIENTES<br \/>\nLCistina: 500\u202fmg<br \/>\nLArginina: 25\u202fmg<br \/>\nBiotina: 400\u202f\u00b5g (800\u202f% VRN)<br \/>\nVitamina B6: 1,4\u202fmg (100\u202f% VRN)<br \/>\nVitamina B5 (\u00e1cido pantot\u00e9nico): 6\u202fmg (100\u202f% VRN)<br \/>\n\u00c1cido f\u00f3lico: 200\u202f\u00b5g (100\u202f% VRN)<br \/>\nZinc: 15\u202fmg (150\u202f% VRN)<br \/>\nSelenio: 55\u202f\u00b5g (100\u202f% VRN)<br \/>\nCobre: 0,5\u202fmg (50\u202f% VRN)<br \/>\nMODO DE USO<br \/>\n2 c\u00e1psulas al d\u00eda<br \/>\nPRECAUCIONES<br \/>\nNo exceder la dosis diaria recomendada.<br \/>\nNo sustituye una dieta equilibrada ni un estilo de vida saludable.<br \/>\nMantener fuera del alcance de menores.<br \/>\nConsultar al m\u00e9dico si est\u00e1s embarazada, en lactancia, o tomando medicaci\u00f3n, especialmente si tomas antioxidantes o suplementos vitam\u00ednicos similares.<br \/>\nACEITE ROSA MOSQUETA ECO<\/p>","protected":false},"excerpt":{"rendered":"<p>Natupel\u00ae es un complemento nutricional en c\u00e1psulas, dise\u00f1ado para fortalecer el pelo, las u\u00f1as y la piel desde el interior. Combina amino\u00e1cidos azufrados, vitaminas del grupo B, minerales y extractos de plantas para actuar directamente en el crecimiento, fuerza y vitalidad capilar<br \/>\nEst\u00e1 indicado tanto en hombres como mujeres, especialmente durante fases de mayor debilitamiento capilar como estr\u00e9s, cambios hormonales o estacionales<\/p>","protected":false},"featured_media":501371,"template":"","meta":[],"product_brand":[191],"product_cat":[205,192,264,251,262],"product_tag":[],"class_list":{"0":"post-501370","1":"product","2":"type-product","3":"status-publish","4":"has-post-thumbnail","6":"product_brand-natysal","7":"product_cat-longevity","8":"product_cat-natysal","9":"product_cat-nutricosmetica","10":"product_cat-piel-unas-cabello","11":"product_cat-suplementos-micronutricionales","13":"first","14":"instock","15":"purchasable","16":"product-type-simple"},"yoast_head":"<!-- This site is optimized with the Yoast SEO Premium plugin v22.9 (Yoast SEO v27.6) - https:\/\/yoast.com\/product\/yoast-seo-premium-wordpress\/ -->\n<title>NATUPEL - Salud Sostenible by Fabrice Lef&egrave;vre Institute<\/title>\n<meta name=\"robots\" content=\"index, follow, max-snippet:-1, max-image-preview:large, max-video-preview:-1\" \/>\n<link rel=\"canonical\" href=\"https:\/\/saludsostenible.es\/en\/product\/natupel\/\" \/>\n<meta property=\"og:locale\" content=\"en_GB\" \/>\n<meta property=\"og:type\" content=\"article\" \/>\n<meta property=\"og:title\" content=\"NATUPEL\" \/>\n<meta property=\"og:description\" content=\"Natupel\u00ae es un complemento nutricional en c\u00e1psulas, dise\u00f1ado para fortalecer el pelo, las u\u00f1as y la piel desde el interior. Combina amino\u00e1cidos azufrados, vitaminas del grupo B, minerales y extractos de plantas para actuar directamente en el crecimiento, fuerza y vitalidad capilar Est\u00e1 indicado tanto en hombres como mujeres, especialmente durante fases de mayor debilitamiento capilar como estr\u00e9s, cambios hormonales o estacionales\" \/>\n<meta property=\"og:url\" content=\"https:\/\/saludsostenible.es\/en\/product\/natupel\/\" \/>\n<meta property=\"og:site_name\" content=\"Salud Sostenible by Fabrice Lef&egrave;vre Institute\" \/>\n<meta property=\"article:publisher\" content=\"https:\/\/www.facebook.com\/ProbodyoneBarcelona\" \/>\n<meta property=\"article:modified_time\" content=\"2026-04-28T20:11:37+00:00\" \/>\n<meta property=\"og:image\" content=\"https:\/\/saludsostenible.es\/wp-content\/uploads\/2025\/09\/natupel.jpg\" \/>\n\t<meta property=\"og:image:width\" content=\"800\" \/>\n\t<meta property=\"og:image:height\" content=\"800\" \/>\n\t<meta property=\"og:image:type\" content=\"image\/png\" \/>\n<meta name=\"twitter:card\" content=\"summary_large_image\" \/>\n<meta name=\"twitter:site\" content=\"@probodyone\" \/>\n<meta name=\"twitter:label1\" content=\"Estimated reading time\" \/>\n\t<meta name=\"twitter:data1\" content=\"1 minute\" \/>\n<script type=\"application\/ld+json\" class=\"yoast-schema-graph\">{\"@context\":\"https:\\\/\\\/schema.org\",\"@graph\":[{\"@type\":\"WebPage\",\"@id\":\"https:\\\/\\\/saludsostenible.es\\\/product\\\/natupel\\\/\",\"url\":\"https:\\\/\\\/saludsostenible.es\\\/product\\\/natupel\\\/\",\"name\":\"NATUPEL - Salud Sostenible by Fabrice Lef&egrave;vre Institute\",\"isPartOf\":{\"@id\":\"https:\\\/\\\/saludsostenible.es\\\/#website\"},\"primaryImageOfPage\":{\"@id\":\"https:\\\/\\\/saludsostenible.es\\\/product\\\/natupel\\\/#primaryimage\"},\"image\":{\"@id\":\"https:\\\/\\\/saludsostenible.es\\\/product\\\/natupel\\\/#primaryimage\"},\"thumbnailUrl\":\"https:\\\/\\\/saludsostenible.es\\\/wp-content\\\/uploads\\\/2025\\\/09\\\/natupel.jpg\",\"datePublished\":\"2025-09-10T20:17:43+00:00\",\"dateModified\":\"2026-04-28T20:11:37+00:00\",\"breadcrumb\":{\"@id\":\"https:\\\/\\\/saludsostenible.es\\\/product\\\/natupel\\\/#breadcrumb\"},\"inLanguage\":\"en-GB\",\"potentialAction\":[{\"@type\":\"ReadAction\",\"target\":[\"https:\\\/\\\/saludsostenible.es\\\/product\\\/natupel\\\/\"]}]},{\"@type\":\"ImageObject\",\"inLanguage\":\"en-GB\",\"@id\":\"https:\\\/\\\/saludsostenible.es\\\/product\\\/natupel\\\/#primaryimage\",\"url\":\"https:\\\/\\\/saludsostenible.es\\\/wp-content\\\/uploads\\\/2025\\\/09\\\/natupel.jpg\",\"contentUrl\":\"https:\\\/\\\/saludsostenible.es\\\/wp-content\\\/uploads\\\/2025\\\/09\\\/natupel.jpg\",\"width\":800,\"height\":800},{\"@type\":\"BreadcrumbList\",\"@id\":\"https:\\\/\\\/saludsostenible.es\\\/product\\\/natupel\\\/#breadcrumb\",\"itemListElement\":[{\"@type\":\"ListItem\",\"position\":1,\"name\":\"Home\",\"item\":\"https:\\\/\\\/saludsostenible.es\\\/\"},{\"@type\":\"ListItem\",\"position\":2,\"name\":\"Tienda\",\"item\":\"https:\\\/\\\/saludsostenible.es\\\/tienda\\\/\"},{\"@type\":\"ListItem\",\"position\":3,\"name\":\"NATUPEL\"}]},{\"@type\":\"WebSite\",\"@id\":\"https:\\\/\\\/saludsostenible.es\\\/#website\",\"url\":\"https:\\\/\\\/saludsostenible.es\\\/\",\"name\":\"Salud Sostenible Beauty & Longevity\",\"description\":\"Plataforma de consulta online y acceso a especialistas privados: salud integrativa, beauty y longevidad. Inicia tu perfil de salud metab\u00f3lica.\",\"publisher\":{\"@id\":\"https:\\\/\\\/saludsostenible.es\\\/#organization\"},\"alternateName\":\"Salud Sostenible\",\"potentialAction\":[{\"@type\":\"SearchAction\",\"target\":{\"@type\":\"EntryPoint\",\"urlTemplate\":\"https:\\\/\\\/saludsostenible.es\\\/?s={search_term_string}\"},\"query-input\":{\"@type\":\"PropertyValueSpecification\",\"valueRequired\":true,\"valueName\":\"search_term_string\"}}],\"inLanguage\":\"en-GB\"},{\"@type\":\"Organization\",\"@id\":\"https:\\\/\\\/saludsostenible.es\\\/#organization\",\"name\":\"Salud Sostenible by Fabrice Lef\u00e8vre Institute\",\"alternateName\":\"Osteopat\u00eda en Barcelona, Madrid y Marbella\",\"url\":\"https:\\\/\\\/saludsostenible.es\\\/\",\"logo\":{\"@type\":\"ImageObject\",\"inLanguage\":\"en-GB\",\"@id\":\"https:\\\/\\\/saludsostenible.es\\\/#\\\/schema\\\/logo\\\/image\\\/\",\"url\":\"https:\\\/\\\/saludsostenible.es\\\/wp-content\\\/uploads\\\/2024\\\/08\\\/probodyone-blog.jpg\",\"contentUrl\":\"https:\\\/\\\/saludsostenible.es\\\/wp-content\\\/uploads\\\/2024\\\/08\\\/probodyone-blog.jpg\",\"width\":1600,\"height\":550,\"caption\":\"Salud Sostenible by Fabrice Lef\u00e8vre Institute\"},\"image\":{\"@id\":\"https:\\\/\\\/saludsostenible.es\\\/#\\\/schema\\\/logo\\\/image\\\/\"},\"sameAs\":[\"https:\\\/\\\/www.facebook.com\\\/ProbodyoneBarcelona\",\"https:\\\/\\\/x.com\\\/probodyone\",\"https:\\\/\\\/www.youtube.com\\\/@Probodyone\\\/videos\"]}]}<\/script>\n<!-- \/ Yoast SEO Premium plugin. -->","yoast_head_json":{"title":"NATUPEL - Salud Sostenible by Fabrice Lef&egrave;vre Institute","robots":{"index":"index","follow":"follow","max-snippet":"max-snippet:-1","max-image-preview":"max-image-preview:large","max-video-preview":"max-video-preview:-1"},"canonical":"https:\/\/saludsostenible.es\/en\/product\/natupel\/","og_locale":"en_GB","og_type":"article","og_title":"NATUPEL","og_description":"Natupel\u00ae es un complemento nutricional en c\u00e1psulas, dise\u00f1ado para fortalecer el pelo, las u\u00f1as y la piel desde el interior. Combina amino\u00e1cidos azufrados, vitaminas del grupo B, minerales y extractos de plantas para actuar directamente en el crecimiento, fuerza y vitalidad capilar Est\u00e1 indicado tanto en hombres como mujeres, especialmente durante fases de mayor debilitamiento capilar como estr\u00e9s, cambios hormonales o estacionales","og_url":"https:\/\/saludsostenible.es\/en\/product\/natupel\/","og_site_name":"Salud Sostenible by Fabrice Lef&egrave;vre Institute","article_publisher":"https:\/\/www.facebook.com\/ProbodyoneBarcelona","article_modified_time":"2026-04-28T20:11:37+00:00","og_image":[{"width":800,"height":800,"url":"https:\/\/saludsostenible.es\/wp-content\/uploads\/2025\/09\/natupel.jpg","type":"image\/png"}],"twitter_card":"summary_large_image","twitter_site":"@probodyone","twitter_misc":{"Estimated reading time":"1 minute"},"schema":{"@context":"https:\/\/schema.org","@graph":[{"@type":"WebPage","@id":"https:\/\/saludsostenible.es\/product\/natupel\/","url":"https:\/\/saludsostenible.es\/product\/natupel\/","name":"NATUPEL - Salud Sostenible by Fabrice Lef&egrave;vre Institute","isPartOf":{"@id":"https:\/\/saludsostenible.es\/#website"},"primaryImageOfPage":{"@id":"https:\/\/saludsostenible.es\/product\/natupel\/#primaryimage"},"image":{"@id":"https:\/\/saludsostenible.es\/product\/natupel\/#primaryimage"},"thumbnailUrl":"https:\/\/saludsostenible.es\/wp-content\/uploads\/2025\/09\/natupel.jpg","datePublished":"2025-09-10T20:17:43+00:00","dateModified":"2026-04-28T20:11:37+00:00","breadcrumb":{"@id":"https:\/\/saludsostenible.es\/product\/natupel\/#breadcrumb"},"inLanguage":"en-GB","potentialAction":[{"@type":"ReadAction","target":["https:\/\/saludsostenible.es\/product\/natupel\/"]}]},{"@type":"ImageObject","inLanguage":"en-GB","@id":"https:\/\/saludsostenible.es\/product\/natupel\/#primaryimage","url":"https:\/\/saludsostenible.es\/wp-content\/uploads\/2025\/09\/natupel.jpg","contentUrl":"https:\/\/saludsostenible.es\/wp-content\/uploads\/2025\/09\/natupel.jpg","width":800,"height":800},{"@type":"BreadcrumbList","@id":"https:\/\/saludsostenible.es\/product\/natupel\/#breadcrumb","itemListElement":[{"@type":"ListItem","position":1,"name":"Home","item":"https:\/\/saludsostenible.es\/"},{"@type":"ListItem","position":2,"name":"Tienda","item":"https:\/\/saludsostenible.es\/tienda\/"},{"@type":"ListItem","position":3,"name":"NATUPEL"}]},{"@type":"WebSite","@id":"https:\/\/saludsostenible.es\/#website","url":"https:\/\/saludsostenible.es\/","name":"Salud Sostenible Beauty & Longevity","description":"Plataforma de consulta online y acceso a especialistas privados: salud integrativa, beauty y longevidad. Inicia tu perfil de salud metab\u00f3lica.","publisher":{"@id":"https:\/\/saludsostenible.es\/#organization"},"alternateName":"Salud Sostenible","potentialAction":[{"@type":"SearchAction","target":{"@type":"EntryPoint","urlTemplate":"https:\/\/saludsostenible.es\/?s={search_term_string}"},"query-input":{"@type":"PropertyValueSpecification","valueRequired":true,"valueName":"search_term_string"}}],"inLanguage":"en-GB"},{"@type":"Organization","@id":"https:\/\/saludsostenible.es\/#organization","name":"Salud Sostenible by Fabrice Lef\u00e8vre Institute","alternateName":"Osteopat\u00eda en Barcelona, Madrid y Marbella","url":"https:\/\/saludsostenible.es\/","logo":{"@type":"ImageObject","inLanguage":"en-GB","@id":"https:\/\/saludsostenible.es\/#\/schema\/logo\/image\/","url":"https:\/\/saludsostenible.es\/wp-content\/uploads\/2024\/08\/probodyone-blog.jpg","contentUrl":"https:\/\/saludsostenible.es\/wp-content\/uploads\/2024\/08\/probodyone-blog.jpg","width":1600,"height":550,"caption":"Salud Sostenible by Fabrice Lef\u00e8vre Institute"},"image":{"@id":"https:\/\/saludsostenible.es\/#\/schema\/logo\/image\/"},"sameAs":["https:\/\/www.facebook.com\/ProbodyoneBarcelona","https:\/\/x.com\/probodyone","https:\/\/www.youtube.com\/@Probodyone\/videos"]}]}},"_links":{"self":[{"href":"https:\/\/saludsostenible.es\/en\/wp-json\/wp\/v2\/product\/501370","targetHints":{"allow":["GET"]}}],"collection":[{"href":"https:\/\/saludsostenible.es\/en\/wp-json\/wp\/v2\/product"}],"about":[{"href":"https:\/\/saludsostenible.es\/en\/wp-json\/wp\/v2\/types\/product"}],"wp:featuredmedia":[{"embeddable":true,"href":"https:\/\/saludsostenible.es\/en\/wp-json\/wp\/v2\/media\/501371"}],"wp:attachment":[{"href":"https:\/\/saludsostenible.es\/en\/wp-json\/wp\/v2\/media?parent=501370"}],"wp:term":[{"taxonomy":"product_brand","embeddable":true,"href":"https:\/\/saludsostenible.es\/en\/wp-json\/wp\/v2\/product_brand?post=501370"},{"taxonomy":"product_cat","embeddable":true,"href":"https:\/\/saludsostenible.es\/en\/wp-json\/wp\/v2\/product_cat?post=501370"},{"taxonomy":"product_tag","embeddable":true,"href":"https:\/\/saludsostenible.es\/en\/wp-json\/wp\/v2\/product_tag?post=501370"}],"curies":[{"name":"wp","href":"https:\/\/api.w.org\/{rel}","templated":true}]}}