{"id":501384,"date":"2025-09-10T20:17:43","date_gmt":"2025-09-10T20:17:43","guid":{"rendered":"https:\/\/saludsostenible.es\/product\/elixir-acido-hialuronico-y-vitamina-c\/"},"modified":"2026-04-28T20:10:02","modified_gmt":"2026-04-28T20:10:02","slug":"elixir-acido-hialuronico-y-vitamina-c","status":"publish","type":"product","link":"https:\/\/saludsostenible.es\/en\/product\/elixir-acido-hialuronico-y-vitamina-c\/","title":{"rendered":"ELIXIR \u00c1CIDO HIALUR\u00d3NICO Y VITAMINA C"},"content":{"rendered":"<p>INDICACIONES<br \/>\nHidrataci\u00f3n duradera desde las capas m\u00e1s profundas<br \/>\nMejora la elasticidad y firmeza de la piel<br \/>\nAumenta la luminosidad y reduce el aspecto apagado<br \/>\nAyuda a prevenir el envejecimiento prematuro<br \/>\nIdeal como s\u00e9rum antes de la crema hidratante<br \/>\nINGREDIENTES<br \/>\naqua, glycerin, propanediol, peg-6 caprylic\/capric glycerides, betaine, ethyl ascorbic acid, citrus limon juice, citrus aurantium dulcis juice, sodium citrate, alcohol denat, peg-40 hydrogenated castor oil, panthenol, terminalia ferdinandiana fruit extract, citrus aurantium dulcis peel oil, sodium hyaluronate, allantoin, caprylyl glycol, glyceryl caprylate, dipropylene glycol, xanthan gum, phenoxyethanol, citric acid, sodium benzoate, potassium sorbate, disodium edta, polysorbate 80, limonene, linalool.<br \/>\nMODO DE USO<br \/>\nAplicar una peque\u00f1a cantidad del producto en la palma de la mano y extender sobre la piel limpia y seca del rostro y cuello, realizando un suave masaje para favorecer su absorci\u00f3n.<br \/>\nPRECAUCIONES<br \/>\nuso t\u00f3pico<br \/>\nCONCENTRADO AUTOBRONCEADOR EN GOTAS<\/p>","protected":false},"excerpt":{"rendered":"<p>Este elixir facial combina \u00e1cido hialur\u00f3nico de bajo peso molecular y vitamina C estabilizada para brindar una hidrataci\u00f3n profunda, mejorar la firmeza y potenciar la luminosidad del rostro. Su f\u00f3rmula ligera se absorbe r\u00e1pidamente, dejando la piel suave, tersa y visiblemente m\u00e1s joven.<\/p>","protected":false},"featured_media":501385,"template":"","meta":[],"product_brand":[191],"product_cat":[253,284,192,281,275,262],"product_tag":[],"class_list":{"0":"post-501384","1":"product","2":"type-product","3":"status-publish","4":"has-post-thumbnail","6":"product_brand-natysal","7":"product_cat-inmunidad-antioxidantes","8":"product_cat-equilibrio-acido-desmineralizado","9":"product_cat-natysal","10":"product_cat-salud-inmune-defensas","11":"product_cat-suplementos-longevity","12":"product_cat-suplementos-micronutricionales","13":"product_shipping_class-producto-fisico","15":"first","16":"instock","17":"purchasable","18":"product-type-simple"},"yoast_head":"<!-- This site is optimized with the Yoast SEO Premium plugin v22.9 (Yoast SEO v27.6) - https:\/\/yoast.com\/product\/yoast-seo-premium-wordpress\/ -->\n<title>ELIXIR \u00c1CIDO HIALUR\u00d3NICO Y VITAMINA C - Salud Sostenible by Fabrice Lef&egrave;vre Institute<\/title>\n<meta name=\"robots\" content=\"index, follow, max-snippet:-1, max-image-preview:large, max-video-preview:-1\" \/>\n<link rel=\"canonical\" href=\"https:\/\/saludsostenible.es\/en\/product\/elixir-acido-hialuronico-y-vitamina-c\/\" \/>\n<meta property=\"og:locale\" content=\"en_GB\" \/>\n<meta property=\"og:type\" content=\"article\" \/>\n<meta property=\"og:title\" content=\"ELIXIR \u00c1CIDO HIALUR\u00d3NICO Y VITAMINA C\" \/>\n<meta property=\"og:description\" content=\"Este elixir facial combina \u00e1cido hialur\u00f3nico de bajo peso molecular y vitamina C estabilizada para brindar una hidrataci\u00f3n profunda, mejorar la firmeza y potenciar la luminosidad del rostro. Su f\u00f3rmula ligera se absorbe r\u00e1pidamente, dejando la piel suave, tersa y visiblemente m\u00e1s joven.\" \/>\n<meta property=\"og:url\" content=\"https:\/\/saludsostenible.es\/en\/product\/elixir-acido-hialuronico-y-vitamina-c\/\" \/>\n<meta property=\"og:site_name\" content=\"Salud Sostenible by Fabrice Lef&egrave;vre Institute\" \/>\n<meta property=\"article:publisher\" content=\"https:\/\/www.facebook.com\/ProbodyoneBarcelona\" \/>\n<meta property=\"article:modified_time\" content=\"2026-04-28T20:10:02+00:00\" \/>\n<meta property=\"og:image\" content=\"https:\/\/saludsostenible.es\/wp-content\/uploads\/2025\/09\/elixir-acido-hialuronico-y-vitamina-c.jpg\" \/>\n\t<meta property=\"og:image:width\" content=\"800\" \/>\n\t<meta property=\"og:image:height\" content=\"800\" \/>\n\t<meta property=\"og:image:type\" content=\"image\/jpeg\" \/>\n<meta name=\"twitter:card\" content=\"summary_large_image\" \/>\n<meta name=\"twitter:site\" content=\"@probodyone\" \/>\n<meta name=\"twitter:label1\" content=\"Estimated reading time\" \/>\n\t<meta name=\"twitter:data1\" content=\"1 minute\" \/>\n<script type=\"application\/ld+json\" class=\"yoast-schema-graph\">{\"@context\":\"https:\\\/\\\/schema.org\",\"@graph\":[{\"@type\":\"WebPage\",\"@id\":\"https:\\\/\\\/saludsostenible.es\\\/product\\\/elixir-acido-hialuronico-y-vitamina-c\\\/\",\"url\":\"https:\\\/\\\/saludsostenible.es\\\/product\\\/elixir-acido-hialuronico-y-vitamina-c\\\/\",\"name\":\"ELIXIR \u00c1CIDO HIALUR\u00d3NICO Y VITAMINA C - Salud Sostenible by Fabrice Lef&egrave;vre Institute\",\"isPartOf\":{\"@id\":\"https:\\\/\\\/saludsostenible.es\\\/#website\"},\"primaryImageOfPage\":{\"@id\":\"https:\\\/\\\/saludsostenible.es\\\/product\\\/elixir-acido-hialuronico-y-vitamina-c\\\/#primaryimage\"},\"image\":{\"@id\":\"https:\\\/\\\/saludsostenible.es\\\/product\\\/elixir-acido-hialuronico-y-vitamina-c\\\/#primaryimage\"},\"thumbnailUrl\":\"https:\\\/\\\/saludsostenible.es\\\/wp-content\\\/uploads\\\/2025\\\/09\\\/elixir-acido-hialuronico-y-vitamina-c.jpg\",\"datePublished\":\"2025-09-10T20:17:43+00:00\",\"dateModified\":\"2026-04-28T20:10:02+00:00\",\"breadcrumb\":{\"@id\":\"https:\\\/\\\/saludsostenible.es\\\/product\\\/elixir-acido-hialuronico-y-vitamina-c\\\/#breadcrumb\"},\"inLanguage\":\"en-GB\",\"potentialAction\":[{\"@type\":\"ReadAction\",\"target\":[\"https:\\\/\\\/saludsostenible.es\\\/product\\\/elixir-acido-hialuronico-y-vitamina-c\\\/\"]}]},{\"@type\":\"ImageObject\",\"inLanguage\":\"en-GB\",\"@id\":\"https:\\\/\\\/saludsostenible.es\\\/product\\\/elixir-acido-hialuronico-y-vitamina-c\\\/#primaryimage\",\"url\":\"https:\\\/\\\/saludsostenible.es\\\/wp-content\\\/uploads\\\/2025\\\/09\\\/elixir-acido-hialuronico-y-vitamina-c.jpg\",\"contentUrl\":\"https:\\\/\\\/saludsostenible.es\\\/wp-content\\\/uploads\\\/2025\\\/09\\\/elixir-acido-hialuronico-y-vitamina-c.jpg\",\"width\":800,\"height\":800},{\"@type\":\"BreadcrumbList\",\"@id\":\"https:\\\/\\\/saludsostenible.es\\\/product\\\/elixir-acido-hialuronico-y-vitamina-c\\\/#breadcrumb\",\"itemListElement\":[{\"@type\":\"ListItem\",\"position\":1,\"name\":\"Home\",\"item\":\"https:\\\/\\\/saludsostenible.es\\\/\"},{\"@type\":\"ListItem\",\"position\":2,\"name\":\"Tienda\",\"item\":\"https:\\\/\\\/saludsostenible.es\\\/tienda\\\/\"},{\"@type\":\"ListItem\",\"position\":3,\"name\":\"ELIXIR \u00c1CIDO HIALUR\u00d3NICO Y VITAMINA C\"}]},{\"@type\":\"WebSite\",\"@id\":\"https:\\\/\\\/saludsostenible.es\\\/#website\",\"url\":\"https:\\\/\\\/saludsostenible.es\\\/\",\"name\":\"Salud Sostenible Beauty & Longevity\",\"description\":\"Plataforma de consulta online y acceso a especialistas privados: salud integrativa, beauty y longevidad. Inicia tu perfil de salud metab\u00f3lica.\",\"publisher\":{\"@id\":\"https:\\\/\\\/saludsostenible.es\\\/#organization\"},\"alternateName\":\"Salud Sostenible\",\"potentialAction\":[{\"@type\":\"SearchAction\",\"target\":{\"@type\":\"EntryPoint\",\"urlTemplate\":\"https:\\\/\\\/saludsostenible.es\\\/?s={search_term_string}\"},\"query-input\":{\"@type\":\"PropertyValueSpecification\",\"valueRequired\":true,\"valueName\":\"search_term_string\"}}],\"inLanguage\":\"en-GB\"},{\"@type\":\"Organization\",\"@id\":\"https:\\\/\\\/saludsostenible.es\\\/#organization\",\"name\":\"Salud Sostenible by Fabrice Lef\u00e8vre Institute\",\"alternateName\":\"Osteopat\u00eda en Barcelona, Madrid y Marbella\",\"url\":\"https:\\\/\\\/saludsostenible.es\\\/\",\"logo\":{\"@type\":\"ImageObject\",\"inLanguage\":\"en-GB\",\"@id\":\"https:\\\/\\\/saludsostenible.es\\\/#\\\/schema\\\/logo\\\/image\\\/\",\"url\":\"https:\\\/\\\/saludsostenible.es\\\/wp-content\\\/uploads\\\/2024\\\/08\\\/probodyone-blog.jpg\",\"contentUrl\":\"https:\\\/\\\/saludsostenible.es\\\/wp-content\\\/uploads\\\/2024\\\/08\\\/probodyone-blog.jpg\",\"width\":1600,\"height\":550,\"caption\":\"Salud Sostenible by Fabrice Lef\u00e8vre Institute\"},\"image\":{\"@id\":\"https:\\\/\\\/saludsostenible.es\\\/#\\\/schema\\\/logo\\\/image\\\/\"},\"sameAs\":[\"https:\\\/\\\/www.facebook.com\\\/ProbodyoneBarcelona\",\"https:\\\/\\\/x.com\\\/probodyone\",\"https:\\\/\\\/www.youtube.com\\\/@Probodyone\\\/videos\"]}]}<\/script>\n<!-- \/ Yoast SEO Premium plugin. -->","yoast_head_json":{"title":"ELIXIR \u00c1CIDO HIALUR\u00d3NICO Y VITAMINA C - Salud Sostenible by Fabrice Lef&egrave;vre Institute","robots":{"index":"index","follow":"follow","max-snippet":"max-snippet:-1","max-image-preview":"max-image-preview:large","max-video-preview":"max-video-preview:-1"},"canonical":"https:\/\/saludsostenible.es\/en\/product\/elixir-acido-hialuronico-y-vitamina-c\/","og_locale":"en_GB","og_type":"article","og_title":"ELIXIR \u00c1CIDO HIALUR\u00d3NICO Y VITAMINA C","og_description":"Este elixir facial combina \u00e1cido hialur\u00f3nico de bajo peso molecular y vitamina C estabilizada para brindar una hidrataci\u00f3n profunda, mejorar la firmeza y potenciar la luminosidad del rostro. Su f\u00f3rmula ligera se absorbe r\u00e1pidamente, dejando la piel suave, tersa y visiblemente m\u00e1s joven.","og_url":"https:\/\/saludsostenible.es\/en\/product\/elixir-acido-hialuronico-y-vitamina-c\/","og_site_name":"Salud Sostenible by Fabrice Lef&egrave;vre Institute","article_publisher":"https:\/\/www.facebook.com\/ProbodyoneBarcelona","article_modified_time":"2026-04-28T20:10:02+00:00","og_image":[{"width":800,"height":800,"url":"https:\/\/saludsostenible.es\/wp-content\/uploads\/2025\/09\/elixir-acido-hialuronico-y-vitamina-c.jpg","type":"image\/jpeg"}],"twitter_card":"summary_large_image","twitter_site":"@probodyone","twitter_misc":{"Estimated reading time":"1 minute"},"schema":{"@context":"https:\/\/schema.org","@graph":[{"@type":"WebPage","@id":"https:\/\/saludsostenible.es\/product\/elixir-acido-hialuronico-y-vitamina-c\/","url":"https:\/\/saludsostenible.es\/product\/elixir-acido-hialuronico-y-vitamina-c\/","name":"ELIXIR \u00c1CIDO HIALUR\u00d3NICO Y VITAMINA C - Salud Sostenible by Fabrice Lef&egrave;vre Institute","isPartOf":{"@id":"https:\/\/saludsostenible.es\/#website"},"primaryImageOfPage":{"@id":"https:\/\/saludsostenible.es\/product\/elixir-acido-hialuronico-y-vitamina-c\/#primaryimage"},"image":{"@id":"https:\/\/saludsostenible.es\/product\/elixir-acido-hialuronico-y-vitamina-c\/#primaryimage"},"thumbnailUrl":"https:\/\/saludsostenible.es\/wp-content\/uploads\/2025\/09\/elixir-acido-hialuronico-y-vitamina-c.jpg","datePublished":"2025-09-10T20:17:43+00:00","dateModified":"2026-04-28T20:10:02+00:00","breadcrumb":{"@id":"https:\/\/saludsostenible.es\/product\/elixir-acido-hialuronico-y-vitamina-c\/#breadcrumb"},"inLanguage":"en-GB","potentialAction":[{"@type":"ReadAction","target":["https:\/\/saludsostenible.es\/product\/elixir-acido-hialuronico-y-vitamina-c\/"]}]},{"@type":"ImageObject","inLanguage":"en-GB","@id":"https:\/\/saludsostenible.es\/product\/elixir-acido-hialuronico-y-vitamina-c\/#primaryimage","url":"https:\/\/saludsostenible.es\/wp-content\/uploads\/2025\/09\/elixir-acido-hialuronico-y-vitamina-c.jpg","contentUrl":"https:\/\/saludsostenible.es\/wp-content\/uploads\/2025\/09\/elixir-acido-hialuronico-y-vitamina-c.jpg","width":800,"height":800},{"@type":"BreadcrumbList","@id":"https:\/\/saludsostenible.es\/product\/elixir-acido-hialuronico-y-vitamina-c\/#breadcrumb","itemListElement":[{"@type":"ListItem","position":1,"name":"Home","item":"https:\/\/saludsostenible.es\/"},{"@type":"ListItem","position":2,"name":"Tienda","item":"https:\/\/saludsostenible.es\/tienda\/"},{"@type":"ListItem","position":3,"name":"ELIXIR \u00c1CIDO HIALUR\u00d3NICO Y VITAMINA C"}]},{"@type":"WebSite","@id":"https:\/\/saludsostenible.es\/#website","url":"https:\/\/saludsostenible.es\/","name":"Salud Sostenible Beauty & Longevity","description":"Plataforma de consulta online y acceso a especialistas privados: salud integrativa, beauty y longevidad. Inicia tu perfil de salud metab\u00f3lica.","publisher":{"@id":"https:\/\/saludsostenible.es\/#organization"},"alternateName":"Salud Sostenible","potentialAction":[{"@type":"SearchAction","target":{"@type":"EntryPoint","urlTemplate":"https:\/\/saludsostenible.es\/?s={search_term_string}"},"query-input":{"@type":"PropertyValueSpecification","valueRequired":true,"valueName":"search_term_string"}}],"inLanguage":"en-GB"},{"@type":"Organization","@id":"https:\/\/saludsostenible.es\/#organization","name":"Salud Sostenible by Fabrice Lef\u00e8vre Institute","alternateName":"Osteopat\u00eda en Barcelona, Madrid y Marbella","url":"https:\/\/saludsostenible.es\/","logo":{"@type":"ImageObject","inLanguage":"en-GB","@id":"https:\/\/saludsostenible.es\/#\/schema\/logo\/image\/","url":"https:\/\/saludsostenible.es\/wp-content\/uploads\/2024\/08\/probodyone-blog.jpg","contentUrl":"https:\/\/saludsostenible.es\/wp-content\/uploads\/2024\/08\/probodyone-blog.jpg","width":1600,"height":550,"caption":"Salud Sostenible by Fabrice Lef\u00e8vre Institute"},"image":{"@id":"https:\/\/saludsostenible.es\/#\/schema\/logo\/image\/"},"sameAs":["https:\/\/www.facebook.com\/ProbodyoneBarcelona","https:\/\/x.com\/probodyone","https:\/\/www.youtube.com\/@Probodyone\/videos"]}]}},"_links":{"self":[{"href":"https:\/\/saludsostenible.es\/en\/wp-json\/wp\/v2\/product\/501384","targetHints":{"allow":["GET"]}}],"collection":[{"href":"https:\/\/saludsostenible.es\/en\/wp-json\/wp\/v2\/product"}],"about":[{"href":"https:\/\/saludsostenible.es\/en\/wp-json\/wp\/v2\/types\/product"}],"wp:featuredmedia":[{"embeddable":true,"href":"https:\/\/saludsostenible.es\/en\/wp-json\/wp\/v2\/media\/501385"}],"wp:attachment":[{"href":"https:\/\/saludsostenible.es\/en\/wp-json\/wp\/v2\/media?parent=501384"}],"wp:term":[{"taxonomy":"product_brand","embeddable":true,"href":"https:\/\/saludsostenible.es\/en\/wp-json\/wp\/v2\/product_brand?post=501384"},{"taxonomy":"product_cat","embeddable":true,"href":"https:\/\/saludsostenible.es\/en\/wp-json\/wp\/v2\/product_cat?post=501384"},{"taxonomy":"product_tag","embeddable":true,"href":"https:\/\/saludsostenible.es\/en\/wp-json\/wp\/v2\/product_tag?post=501384"}],"curies":[{"name":"wp","href":"https:\/\/api.w.org\/{rel}","templated":true}]}}