{"id":501410,"date":"2025-09-10T20:18:04","date_gmt":"2025-09-10T20:18:04","guid":{"rendered":"https:\/\/saludsostenible.es\/product\/serum-proteoglicanos\/"},"modified":"2026-04-28T20:11:02","modified_gmt":"2026-04-28T20:11:02","slug":"serum-proteoglicanos","status":"publish","type":"product","link":"https:\/\/saludsostenible.es\/en\/product\/serum-proteoglicanos\/","title":{"rendered":"S\u00c9RUM PROTEOGLICANOS"},"content":{"rendered":"<p>INDICACIONES<br \/>\nAporta hidrataci\u00f3n intensa y duradera<br \/>\nMejora visiblemente la elasticidad y firmeza<br \/>\nReduce arrugas finas y l\u00edneas de expresi\u00f3n<br \/>\nAporta luminosidad y uniformidad al tono cut\u00e1neo<br \/>\nF\u00f3rmula apta para piel sensible, sin parabenos ni aceites minerales<br \/>\nMODO DE USO<br \/>\nAplicar una peque\u00f1a cantidad del producto en la palma de la mano y extender sobre la piel limpia y seca del rostro, cuello y escote, realizando un suave masaje para favorecer su absorci\u00f3n. Si desea, aplicar despu\u00e9s su crema de d\u00eda o maquillaje.<br \/>\nPRECAUCIONES<br \/>\nNo aplicar sobre heridas, mucosas ni piel erosionada.<br \/>\nEvitar el contacto directo con los ojos.<br \/>\nUSO T\u00d3PICO.<br \/>\nS\u00c9RUM VITAMINA C 10% &amp; \u00c1CIDO FER\u00daLICO 1% + PHLORETIN<\/p>","protected":false},"excerpt":{"rendered":"<p>S\u00e9rum concentrado con proteoglicanos solubles, \u00e1cido hialur\u00f3nico en su forma 4D, vitamina\u202fC estabilizada y extracto de ginkgo biloba. Est\u00e1 especialmente formulado para pieles secas, deshidratadas o con p\u00e9rdida de elasticidad, aportando una acci\u00f3n reafirmante, regeneradora e iluminadora.<br \/>\nINGREDIENTES<br \/>\nProteoglicanos solubles: restauran la estructura d\u00e9rmica, promueven firmeza y flexibilidad.<br \/>\n\u00c1cido hialur\u00f3nico 4D (crosspolymer, acetilado, hidrolizado, etc.): hidrataci\u00f3n multicapa y efecto relleno.<br \/>\nVitamina\u202fC (ethyl ascorbic acid): antioxidante, aclarante y estimulante de col\u00e1geno.<br \/>\nExtracto de Ginkgo Biloba: regenerador, iluminador, rica fuente de vitamina\u202fE y antiinflamatorio.<br \/>\nBisabolol: calma, reduce rojeces y refuerza la tolerancia cut\u00e1nea.<\/p>","protected":false},"featured_media":501411,"template":"","meta":[],"product_brand":[191],"product_cat":[192,262],"product_tag":[],"class_list":{"0":"post-501410","1":"product","2":"type-product","3":"status-publish","4":"has-post-thumbnail","6":"product_brand-natysal","7":"product_cat-natysal","8":"product_cat-suplementos-micronutricionales","9":"product_shipping_class-producto-fisico","11":"first","12":"instock","13":"purchasable","14":"product-type-simple"},"yoast_head":"<!-- This site is optimized with the Yoast SEO Premium plugin v22.9 (Yoast SEO v27.6) - https:\/\/yoast.com\/product\/yoast-seo-premium-wordpress\/ -->\n<title>S\u00c9RUM PROTEOGLICANOS - Salud Sostenible by Fabrice Lef&egrave;vre Institute<\/title>\n<meta name=\"robots\" content=\"index, follow, max-snippet:-1, max-image-preview:large, max-video-preview:-1\" \/>\n<link rel=\"canonical\" href=\"https:\/\/saludsostenible.es\/en\/product\/serum-proteoglicanos\/\" \/>\n<meta property=\"og:locale\" content=\"en_GB\" \/>\n<meta property=\"og:type\" content=\"article\" \/>\n<meta property=\"og:title\" content=\"S\u00c9RUM PROTEOGLICANOS\" \/>\n<meta property=\"og:description\" content=\"S\u00e9rum concentrado con proteoglicanos solubles, \u00e1cido hialur\u00f3nico en su forma 4D, vitamina\u202fC estabilizada y extracto de ginkgo biloba. Est\u00e1 especialmente formulado para pieles secas, deshidratadas o con p\u00e9rdida de elasticidad, aportando una acci\u00f3n reafirmante, regeneradora e iluminadora. INGREDIENTES Proteoglicanos solubles: restauran la estructura d\u00e9rmica, promueven firmeza y flexibilidad. \u00c1cido hialur\u00f3nico 4D (crosspolymer, acetilado, hidrolizado, etc.): hidrataci\u00f3n multicapa y efecto relleno. Vitamina\u202fC (ethyl ascorbic acid): antioxidante, aclarante y estimulante de col\u00e1geno. Extracto de Ginkgo Biloba: regenerador, iluminador, rica fuente de vitamina\u202fE y antiinflamatorio. Bisabolol: calma, reduce rojeces y refuerza la tolerancia cut\u00e1nea.\" \/>\n<meta property=\"og:url\" content=\"https:\/\/saludsostenible.es\/en\/product\/serum-proteoglicanos\/\" \/>\n<meta property=\"og:site_name\" content=\"Salud Sostenible by Fabrice Lef&egrave;vre Institute\" \/>\n<meta property=\"article:publisher\" content=\"https:\/\/www.facebook.com\/ProbodyoneBarcelona\" \/>\n<meta property=\"article:modified_time\" content=\"2026-04-28T20:11:02+00:00\" \/>\n<meta property=\"og:image\" content=\"https:\/\/saludsostenible.es\/wp-content\/uploads\/2025\/09\/serum-proteoglicanos.jpg\" \/>\n\t<meta property=\"og:image:width\" content=\"800\" \/>\n\t<meta property=\"og:image:height\" content=\"800\" \/>\n\t<meta property=\"og:image:type\" content=\"image\/jpeg\" \/>\n<meta name=\"twitter:card\" content=\"summary_large_image\" \/>\n<meta name=\"twitter:site\" content=\"@probodyone\" \/>\n<meta name=\"twitter:label1\" content=\"Estimated reading time\" \/>\n\t<meta name=\"twitter:data1\" content=\"1 minute\" \/>\n<script type=\"application\/ld+json\" class=\"yoast-schema-graph\">{\"@context\":\"https:\\\/\\\/schema.org\",\"@graph\":[{\"@type\":\"WebPage\",\"@id\":\"https:\\\/\\\/saludsostenible.es\\\/product\\\/serum-proteoglicanos\\\/\",\"url\":\"https:\\\/\\\/saludsostenible.es\\\/product\\\/serum-proteoglicanos\\\/\",\"name\":\"S\u00c9RUM PROTEOGLICANOS - Salud Sostenible by Fabrice Lef&egrave;vre Institute\",\"isPartOf\":{\"@id\":\"https:\\\/\\\/saludsostenible.es\\\/#website\"},\"primaryImageOfPage\":{\"@id\":\"https:\\\/\\\/saludsostenible.es\\\/product\\\/serum-proteoglicanos\\\/#primaryimage\"},\"image\":{\"@id\":\"https:\\\/\\\/saludsostenible.es\\\/product\\\/serum-proteoglicanos\\\/#primaryimage\"},\"thumbnailUrl\":\"https:\\\/\\\/saludsostenible.es\\\/wp-content\\\/uploads\\\/2025\\\/09\\\/serum-proteoglicanos.jpg\",\"datePublished\":\"2025-09-10T20:18:04+00:00\",\"dateModified\":\"2026-04-28T20:11:02+00:00\",\"breadcrumb\":{\"@id\":\"https:\\\/\\\/saludsostenible.es\\\/product\\\/serum-proteoglicanos\\\/#breadcrumb\"},\"inLanguage\":\"en-GB\",\"potentialAction\":[{\"@type\":\"ReadAction\",\"target\":[\"https:\\\/\\\/saludsostenible.es\\\/product\\\/serum-proteoglicanos\\\/\"]}]},{\"@type\":\"ImageObject\",\"inLanguage\":\"en-GB\",\"@id\":\"https:\\\/\\\/saludsostenible.es\\\/product\\\/serum-proteoglicanos\\\/#primaryimage\",\"url\":\"https:\\\/\\\/saludsostenible.es\\\/wp-content\\\/uploads\\\/2025\\\/09\\\/serum-proteoglicanos.jpg\",\"contentUrl\":\"https:\\\/\\\/saludsostenible.es\\\/wp-content\\\/uploads\\\/2025\\\/09\\\/serum-proteoglicanos.jpg\",\"width\":800,\"height\":800},{\"@type\":\"BreadcrumbList\",\"@id\":\"https:\\\/\\\/saludsostenible.es\\\/product\\\/serum-proteoglicanos\\\/#breadcrumb\",\"itemListElement\":[{\"@type\":\"ListItem\",\"position\":1,\"name\":\"Home\",\"item\":\"https:\\\/\\\/saludsostenible.es\\\/\"},{\"@type\":\"ListItem\",\"position\":2,\"name\":\"Tienda\",\"item\":\"https:\\\/\\\/saludsostenible.es\\\/tienda\\\/\"},{\"@type\":\"ListItem\",\"position\":3,\"name\":\"S\u00c9RUM PROTEOGLICANOS\"}]},{\"@type\":\"WebSite\",\"@id\":\"https:\\\/\\\/saludsostenible.es\\\/#website\",\"url\":\"https:\\\/\\\/saludsostenible.es\\\/\",\"name\":\"Salud Sostenible Beauty & Longevity\",\"description\":\"Plataforma de consulta online y acceso a especialistas privados: salud integrativa, beauty y longevidad. Inicia tu perfil de salud metab\u00f3lica.\",\"publisher\":{\"@id\":\"https:\\\/\\\/saludsostenible.es\\\/#organization\"},\"alternateName\":\"Salud Sostenible\",\"potentialAction\":[{\"@type\":\"SearchAction\",\"target\":{\"@type\":\"EntryPoint\",\"urlTemplate\":\"https:\\\/\\\/saludsostenible.es\\\/?s={search_term_string}\"},\"query-input\":{\"@type\":\"PropertyValueSpecification\",\"valueRequired\":true,\"valueName\":\"search_term_string\"}}],\"inLanguage\":\"en-GB\"},{\"@type\":\"Organization\",\"@id\":\"https:\\\/\\\/saludsostenible.es\\\/#organization\",\"name\":\"Salud Sostenible by Fabrice Lef\u00e8vre Institute\",\"alternateName\":\"Osteopat\u00eda en Barcelona, Madrid y Marbella\",\"url\":\"https:\\\/\\\/saludsostenible.es\\\/\",\"logo\":{\"@type\":\"ImageObject\",\"inLanguage\":\"en-GB\",\"@id\":\"https:\\\/\\\/saludsostenible.es\\\/#\\\/schema\\\/logo\\\/image\\\/\",\"url\":\"https:\\\/\\\/saludsostenible.es\\\/wp-content\\\/uploads\\\/2024\\\/08\\\/probodyone-blog.jpg\",\"contentUrl\":\"https:\\\/\\\/saludsostenible.es\\\/wp-content\\\/uploads\\\/2024\\\/08\\\/probodyone-blog.jpg\",\"width\":1600,\"height\":550,\"caption\":\"Salud Sostenible by Fabrice Lef\u00e8vre Institute\"},\"image\":{\"@id\":\"https:\\\/\\\/saludsostenible.es\\\/#\\\/schema\\\/logo\\\/image\\\/\"},\"sameAs\":[\"https:\\\/\\\/www.facebook.com\\\/ProbodyoneBarcelona\",\"https:\\\/\\\/x.com\\\/probodyone\",\"https:\\\/\\\/www.youtube.com\\\/@Probodyone\\\/videos\"]}]}<\/script>\n<!-- \/ Yoast SEO Premium plugin. -->","yoast_head_json":{"title":"S\u00c9RUM PROTEOGLICANOS - Salud Sostenible by Fabrice Lef&egrave;vre Institute","robots":{"index":"index","follow":"follow","max-snippet":"max-snippet:-1","max-image-preview":"max-image-preview:large","max-video-preview":"max-video-preview:-1"},"canonical":"https:\/\/saludsostenible.es\/en\/product\/serum-proteoglicanos\/","og_locale":"en_GB","og_type":"article","og_title":"S\u00c9RUM PROTEOGLICANOS","og_description":"S\u00e9rum concentrado con proteoglicanos solubles, \u00e1cido hialur\u00f3nico en su forma 4D, vitamina\u202fC estabilizada y extracto de ginkgo biloba. Est\u00e1 especialmente formulado para pieles secas, deshidratadas o con p\u00e9rdida de elasticidad, aportando una acci\u00f3n reafirmante, regeneradora e iluminadora. INGREDIENTES Proteoglicanos solubles: restauran la estructura d\u00e9rmica, promueven firmeza y flexibilidad. \u00c1cido hialur\u00f3nico 4D (crosspolymer, acetilado, hidrolizado, etc.): hidrataci\u00f3n multicapa y efecto relleno. Vitamina\u202fC (ethyl ascorbic acid): antioxidante, aclarante y estimulante de col\u00e1geno. Extracto de Ginkgo Biloba: regenerador, iluminador, rica fuente de vitamina\u202fE y antiinflamatorio. Bisabolol: calma, reduce rojeces y refuerza la tolerancia cut\u00e1nea.","og_url":"https:\/\/saludsostenible.es\/en\/product\/serum-proteoglicanos\/","og_site_name":"Salud Sostenible by Fabrice Lef&egrave;vre Institute","article_publisher":"https:\/\/www.facebook.com\/ProbodyoneBarcelona","article_modified_time":"2026-04-28T20:11:02+00:00","og_image":[{"width":800,"height":800,"url":"https:\/\/saludsostenible.es\/wp-content\/uploads\/2025\/09\/serum-proteoglicanos.jpg","type":"image\/jpeg"}],"twitter_card":"summary_large_image","twitter_site":"@probodyone","twitter_misc":{"Estimated reading time":"1 minute"},"schema":{"@context":"https:\/\/schema.org","@graph":[{"@type":"WebPage","@id":"https:\/\/saludsostenible.es\/product\/serum-proteoglicanos\/","url":"https:\/\/saludsostenible.es\/product\/serum-proteoglicanos\/","name":"S\u00c9RUM PROTEOGLICANOS - Salud Sostenible by Fabrice Lef&egrave;vre Institute","isPartOf":{"@id":"https:\/\/saludsostenible.es\/#website"},"primaryImageOfPage":{"@id":"https:\/\/saludsostenible.es\/product\/serum-proteoglicanos\/#primaryimage"},"image":{"@id":"https:\/\/saludsostenible.es\/product\/serum-proteoglicanos\/#primaryimage"},"thumbnailUrl":"https:\/\/saludsostenible.es\/wp-content\/uploads\/2025\/09\/serum-proteoglicanos.jpg","datePublished":"2025-09-10T20:18:04+00:00","dateModified":"2026-04-28T20:11:02+00:00","breadcrumb":{"@id":"https:\/\/saludsostenible.es\/product\/serum-proteoglicanos\/#breadcrumb"},"inLanguage":"en-GB","potentialAction":[{"@type":"ReadAction","target":["https:\/\/saludsostenible.es\/product\/serum-proteoglicanos\/"]}]},{"@type":"ImageObject","inLanguage":"en-GB","@id":"https:\/\/saludsostenible.es\/product\/serum-proteoglicanos\/#primaryimage","url":"https:\/\/saludsostenible.es\/wp-content\/uploads\/2025\/09\/serum-proteoglicanos.jpg","contentUrl":"https:\/\/saludsostenible.es\/wp-content\/uploads\/2025\/09\/serum-proteoglicanos.jpg","width":800,"height":800},{"@type":"BreadcrumbList","@id":"https:\/\/saludsostenible.es\/product\/serum-proteoglicanos\/#breadcrumb","itemListElement":[{"@type":"ListItem","position":1,"name":"Home","item":"https:\/\/saludsostenible.es\/"},{"@type":"ListItem","position":2,"name":"Tienda","item":"https:\/\/saludsostenible.es\/tienda\/"},{"@type":"ListItem","position":3,"name":"S\u00c9RUM PROTEOGLICANOS"}]},{"@type":"WebSite","@id":"https:\/\/saludsostenible.es\/#website","url":"https:\/\/saludsostenible.es\/","name":"Salud Sostenible Beauty & Longevity","description":"Plataforma de consulta online y acceso a especialistas privados: salud integrativa, beauty y longevidad. Inicia tu perfil de salud metab\u00f3lica.","publisher":{"@id":"https:\/\/saludsostenible.es\/#organization"},"alternateName":"Salud Sostenible","potentialAction":[{"@type":"SearchAction","target":{"@type":"EntryPoint","urlTemplate":"https:\/\/saludsostenible.es\/?s={search_term_string}"},"query-input":{"@type":"PropertyValueSpecification","valueRequired":true,"valueName":"search_term_string"}}],"inLanguage":"en-GB"},{"@type":"Organization","@id":"https:\/\/saludsostenible.es\/#organization","name":"Salud Sostenible by Fabrice Lef\u00e8vre Institute","alternateName":"Osteopat\u00eda en Barcelona, Madrid y Marbella","url":"https:\/\/saludsostenible.es\/","logo":{"@type":"ImageObject","inLanguage":"en-GB","@id":"https:\/\/saludsostenible.es\/#\/schema\/logo\/image\/","url":"https:\/\/saludsostenible.es\/wp-content\/uploads\/2024\/08\/probodyone-blog.jpg","contentUrl":"https:\/\/saludsostenible.es\/wp-content\/uploads\/2024\/08\/probodyone-blog.jpg","width":1600,"height":550,"caption":"Salud Sostenible by Fabrice Lef\u00e8vre Institute"},"image":{"@id":"https:\/\/saludsostenible.es\/#\/schema\/logo\/image\/"},"sameAs":["https:\/\/www.facebook.com\/ProbodyoneBarcelona","https:\/\/x.com\/probodyone","https:\/\/www.youtube.com\/@Probodyone\/videos"]}]}},"_links":{"self":[{"href":"https:\/\/saludsostenible.es\/en\/wp-json\/wp\/v2\/product\/501410","targetHints":{"allow":["GET"]}}],"collection":[{"href":"https:\/\/saludsostenible.es\/en\/wp-json\/wp\/v2\/product"}],"about":[{"href":"https:\/\/saludsostenible.es\/en\/wp-json\/wp\/v2\/types\/product"}],"wp:featuredmedia":[{"embeddable":true,"href":"https:\/\/saludsostenible.es\/en\/wp-json\/wp\/v2\/media\/501411"}],"wp:attachment":[{"href":"https:\/\/saludsostenible.es\/en\/wp-json\/wp\/v2\/media?parent=501410"}],"wp:term":[{"taxonomy":"product_brand","embeddable":true,"href":"https:\/\/saludsostenible.es\/en\/wp-json\/wp\/v2\/product_brand?post=501410"},{"taxonomy":"product_cat","embeddable":true,"href":"https:\/\/saludsostenible.es\/en\/wp-json\/wp\/v2\/product_cat?post=501410"},{"taxonomy":"product_tag","embeddable":true,"href":"https:\/\/saludsostenible.es\/en\/wp-json\/wp\/v2\/product_tag?post=501410"}],"curies":[{"name":"wp","href":"https:\/\/api.w.org\/{rel}","templated":true}]}}