{"id":501678,"date":"2025-09-21T11:35:51","date_gmt":"2025-09-21T11:35:51","guid":{"rendered":"https:\/\/saludsostenible.es\/?post_type=product&#038;p=501678"},"modified":"2025-09-21T11:37:43","modified_gmt":"2025-09-21T11:37:43","slug":"magnetoterapia-bioestimulacion","status":"publish","type":"product","link":"https:\/\/saludsostenible.es\/en\/product\/magnetoterapia-bioestimulacion\/","title":{"rendered":"Magnetoterapia &#038; Bioestimulaci\u00f3n"},"content":{"rendered":"<h4>Beneficios terap\u00e9uticos:<\/h4>\n<ul>\n<li>Potente <strong>acci\u00f3n antiinflamatoria y analg\u00e9sica<\/strong><\/li>\n<li><strong>Reducci\u00f3n de edemas<\/strong><\/li>\n<li>Estimula la <strong>regeneraci\u00f3n de tejidos<\/strong><\/li>\n<li>Mejora la <strong>circulaci\u00f3n y el equilibrio del sistema nervioso<\/strong><\/li>\n<li>Ideal para <strong>personas mayores<\/strong>, <strong>deportistas<\/strong> y quienes buscan cuidar su salud de forma natural<\/li>\n<\/ul>\n<h4>Indicaciones:<\/h4>\n<p>Artritis, artrosis, tendinitis, dolores cervicales, lumbalgias, fracturas, esguinces, neuralgias, osteoporosis, trastornos del sue\u00f1o, problemas respiratorios, disfunciones urogenitales, estr\u00e9s y m\u00e1s.<\/p>\n<h4>\u00a0Caracter\u00edsticas t\u00e9cnicas:<\/h4>\n<ul>\n<li>Dispositivo M\u00e9dico Clase IIA \u2013 Certificado CE<\/li>\n<li>4 salidas para tratamientos simult\u00e1neos<\/li>\n<li>Frecuencia ajustable: 6\u20135.000 Hz<\/li>\n<li>Campo magn\u00e9tico de hasta 100 Gauss<\/li>\n<li>Bater\u00eda interna recargable (hasta 4 h de autonom\u00eda)<\/li>\n<li>Tama\u00f1o compacto: 23 x 16 x 10 cm<\/li>\n<\/ul>\n<p><strong>Port\u00e1til, seguro y eficaz<\/strong>, Magnetofield\u00ae es la herramienta ideal para quienes buscan <strong>mejorar su bienestar<\/strong> desde casa o en consulta, con el respaldo de la tecnolog\u00eda m\u00e9dica m\u00e1s avanzada.<\/p>\n<p><strong>Disponible ahora en la shop Salud Sostenible <\/strong><\/p>","protected":false},"excerpt":{"rendered":"<p><strong><span lang=\"ES-CO\">Magnetofield\u00ae<\/span><\/strong><span lang=\"ES-CO\"> es un <strong>dispositivo m\u00e9dico certificado<\/strong> de \u00faltima generaci\u00f3n para <strong>magnetoterapia<\/strong>, desarrollado tras a\u00f1os de investigaci\u00f3n cl\u00ednica. Compacto, port\u00e1til y f\u00e1cil de usar, es ideal tanto para <strong>profesionales de la salud<\/strong> como para uso en casa.<\/span><\/p>\n<p><span lang=\"ES-CO\">Gracias a la emisi\u00f3n de ondas electromagn\u00e9ticas de alta y baja frecuencia, Magnetofield\u00ae act\u00faa eficazmente en <strong>patolog\u00edas agudas y cr\u00f3nicas<\/strong>, sin efectos secundarios.<\/span><\/p>","protected":false},"featured_media":501683,"template":"","meta":[],"product_brand":[],"product_cat":[199],"product_tag":[],"class_list":{"0":"post-501678","1":"product","2":"type-product","3":"status-publish","4":"has-post-thumbnail","6":"product_cat-equipamiento-tecnologias-wellness","7":"product_shipping_class-envio-material","9":"first","10":"instock","11":"taxable","12":"shipping-taxable","13":"purchasable","14":"product-type-simple"},"yoast_head":"<!-- This site is optimized with the Yoast SEO Premium plugin v22.9 (Yoast SEO v27.6) - https:\/\/yoast.com\/product\/yoast-seo-premium-wordpress\/ -->\n<title>Magnetoterapia &amp; Bioestimulaci\u00f3n - Salud Sostenible by Fabrice Lef&egrave;vre Institute<\/title>\n<meta name=\"robots\" content=\"index, follow, max-snippet:-1, max-image-preview:large, max-video-preview:-1\" \/>\n<link rel=\"canonical\" href=\"https:\/\/saludsostenible.es\/en\/product\/magnetoterapia-bioestimulacion\/\" \/>\n<meta property=\"og:locale\" content=\"en_GB\" \/>\n<meta property=\"og:type\" content=\"article\" \/>\n<meta property=\"og:title\" content=\"Magnetoterapia &amp; Bioestimulaci\u00f3n\" \/>\n<meta property=\"og:description\" content=\"Magnetofield\u00ae es un dispositivo m\u00e9dico certificado de \u00faltima generaci\u00f3n para magnetoterapia, desarrollado tras a\u00f1os de investigaci\u00f3n cl\u00ednica. Compacto, port\u00e1til y f\u00e1cil de usar, es ideal tanto para profesionales de la salud como para uso en casa.  Gracias a la emisi\u00f3n de ondas electromagn\u00e9ticas de alta y baja frecuencia, Magnetofield\u00ae act\u00faa eficazmente en patolog\u00edas agudas y cr\u00f3nicas, sin efectos secundarios.\" \/>\n<meta property=\"og:url\" content=\"https:\/\/saludsostenible.es\/en\/product\/magnetoterapia-bioestimulacion\/\" \/>\n<meta property=\"og:site_name\" content=\"Salud Sostenible by Fabrice Lef&egrave;vre Institute\" \/>\n<meta property=\"article:publisher\" content=\"https:\/\/www.facebook.com\/ProbodyoneBarcelona\" \/>\n<meta property=\"article:modified_time\" content=\"2025-09-21T11:37:43+00:00\" \/>\n<meta property=\"og:image\" content=\"https:\/\/saludsostenible.es\/wp-content\/uploads\/2025\/09\/material-de-salud-sostenible-3.jpg\" \/>\n\t<meta property=\"og:image:width\" content=\"1000\" \/>\n\t<meta property=\"og:image:height\" content=\"1000\" \/>\n\t<meta property=\"og:image:type\" content=\"image\/jpeg\" \/>\n<meta name=\"twitter:card\" content=\"summary_large_image\" \/>\n<meta name=\"twitter:site\" content=\"@probodyone\" \/>\n<meta name=\"twitter:label1\" content=\"Estimated reading time\" \/>\n\t<meta name=\"twitter:data1\" content=\"1 minute\" \/>\n<script type=\"application\/ld+json\" class=\"yoast-schema-graph\">{\"@context\":\"https:\\\/\\\/schema.org\",\"@graph\":[{\"@type\":\"WebPage\",\"@id\":\"https:\\\/\\\/saludsostenible.es\\\/product\\\/magnetoterapia-bioestimulacion\\\/\",\"url\":\"https:\\\/\\\/saludsostenible.es\\\/product\\\/magnetoterapia-bioestimulacion\\\/\",\"name\":\"Magnetoterapia & Bioestimulaci\u00f3n - Salud Sostenible by Fabrice Lef&egrave;vre Institute\",\"isPartOf\":{\"@id\":\"https:\\\/\\\/saludsostenible.es\\\/#website\"},\"primaryImageOfPage\":{\"@id\":\"https:\\\/\\\/saludsostenible.es\\\/product\\\/magnetoterapia-bioestimulacion\\\/#primaryimage\"},\"image\":{\"@id\":\"https:\\\/\\\/saludsostenible.es\\\/product\\\/magnetoterapia-bioestimulacion\\\/#primaryimage\"},\"thumbnailUrl\":\"https:\\\/\\\/saludsostenible.es\\\/wp-content\\\/uploads\\\/2025\\\/09\\\/material-de-salud-sostenible-3.jpg\",\"datePublished\":\"2025-09-21T11:35:51+00:00\",\"dateModified\":\"2025-09-21T11:37:43+00:00\",\"breadcrumb\":{\"@id\":\"https:\\\/\\\/saludsostenible.es\\\/product\\\/magnetoterapia-bioestimulacion\\\/#breadcrumb\"},\"inLanguage\":\"en-GB\",\"potentialAction\":[{\"@type\":\"ReadAction\",\"target\":[\"https:\\\/\\\/saludsostenible.es\\\/product\\\/magnetoterapia-bioestimulacion\\\/\"]}]},{\"@type\":\"ImageObject\",\"inLanguage\":\"en-GB\",\"@id\":\"https:\\\/\\\/saludsostenible.es\\\/product\\\/magnetoterapia-bioestimulacion\\\/#primaryimage\",\"url\":\"https:\\\/\\\/saludsostenible.es\\\/wp-content\\\/uploads\\\/2025\\\/09\\\/material-de-salud-sostenible-3.jpg\",\"contentUrl\":\"https:\\\/\\\/saludsostenible.es\\\/wp-content\\\/uploads\\\/2025\\\/09\\\/material-de-salud-sostenible-3.jpg\",\"width\":1000,\"height\":1000},{\"@type\":\"BreadcrumbList\",\"@id\":\"https:\\\/\\\/saludsostenible.es\\\/product\\\/magnetoterapia-bioestimulacion\\\/#breadcrumb\",\"itemListElement\":[{\"@type\":\"ListItem\",\"position\":1,\"name\":\"Home\",\"item\":\"https:\\\/\\\/saludsostenible.es\\\/\"},{\"@type\":\"ListItem\",\"position\":2,\"name\":\"Tienda\",\"item\":\"https:\\\/\\\/saludsostenible.es\\\/tienda\\\/\"},{\"@type\":\"ListItem\",\"position\":3,\"name\":\"Magnetoterapia &#038; Bioestimulaci\u00f3n\"}]},{\"@type\":\"WebSite\",\"@id\":\"https:\\\/\\\/saludsostenible.es\\\/#website\",\"url\":\"https:\\\/\\\/saludsostenible.es\\\/\",\"name\":\"Salud Sostenible Beauty & Longevity\",\"description\":\"Plataforma de consulta online y acceso a especialistas privados: salud integrativa, beauty y longevidad. Inicia tu perfil de salud metab\u00f3lica.\",\"publisher\":{\"@id\":\"https:\\\/\\\/saludsostenible.es\\\/#organization\"},\"alternateName\":\"Salud Sostenible\",\"potentialAction\":[{\"@type\":\"SearchAction\",\"target\":{\"@type\":\"EntryPoint\",\"urlTemplate\":\"https:\\\/\\\/saludsostenible.es\\\/?s={search_term_string}\"},\"query-input\":{\"@type\":\"PropertyValueSpecification\",\"valueRequired\":true,\"valueName\":\"search_term_string\"}}],\"inLanguage\":\"en-GB\"},{\"@type\":\"Organization\",\"@id\":\"https:\\\/\\\/saludsostenible.es\\\/#organization\",\"name\":\"Salud Sostenible by Fabrice Lef\u00e8vre Institute\",\"alternateName\":\"Osteopat\u00eda en Barcelona, Madrid y Marbella\",\"url\":\"https:\\\/\\\/saludsostenible.es\\\/\",\"logo\":{\"@type\":\"ImageObject\",\"inLanguage\":\"en-GB\",\"@id\":\"https:\\\/\\\/saludsostenible.es\\\/#\\\/schema\\\/logo\\\/image\\\/\",\"url\":\"https:\\\/\\\/saludsostenible.es\\\/wp-content\\\/uploads\\\/2024\\\/08\\\/probodyone-blog.jpg\",\"contentUrl\":\"https:\\\/\\\/saludsostenible.es\\\/wp-content\\\/uploads\\\/2024\\\/08\\\/probodyone-blog.jpg\",\"width\":1600,\"height\":550,\"caption\":\"Salud Sostenible by Fabrice Lef\u00e8vre Institute\"},\"image\":{\"@id\":\"https:\\\/\\\/saludsostenible.es\\\/#\\\/schema\\\/logo\\\/image\\\/\"},\"sameAs\":[\"https:\\\/\\\/www.facebook.com\\\/ProbodyoneBarcelona\",\"https:\\\/\\\/x.com\\\/probodyone\",\"https:\\\/\\\/www.youtube.com\\\/@Probodyone\\\/videos\"]}]}<\/script>\n<!-- \/ Yoast SEO Premium plugin. -->","yoast_head_json":{"title":"Magnetoterapia & Bioestimulaci\u00f3n - Salud Sostenible by Fabrice Lef&egrave;vre Institute","robots":{"index":"index","follow":"follow","max-snippet":"max-snippet:-1","max-image-preview":"max-image-preview:large","max-video-preview":"max-video-preview:-1"},"canonical":"https:\/\/saludsostenible.es\/en\/product\/magnetoterapia-bioestimulacion\/","og_locale":"en_GB","og_type":"article","og_title":"Magnetoterapia & Bioestimulaci\u00f3n","og_description":"Magnetofield\u00ae es un dispositivo m\u00e9dico certificado de \u00faltima generaci\u00f3n para magnetoterapia, desarrollado tras a\u00f1os de investigaci\u00f3n cl\u00ednica. Compacto, port\u00e1til y f\u00e1cil de usar, es ideal tanto para profesionales de la salud como para uso en casa.  Gracias a la emisi\u00f3n de ondas electromagn\u00e9ticas de alta y baja frecuencia, Magnetofield\u00ae act\u00faa eficazmente en patolog\u00edas agudas y cr\u00f3nicas, sin efectos secundarios.","og_url":"https:\/\/saludsostenible.es\/en\/product\/magnetoterapia-bioestimulacion\/","og_site_name":"Salud Sostenible by Fabrice Lef&egrave;vre Institute","article_publisher":"https:\/\/www.facebook.com\/ProbodyoneBarcelona","article_modified_time":"2025-09-21T11:37:43+00:00","og_image":[{"width":1000,"height":1000,"url":"https:\/\/saludsostenible.es\/wp-content\/uploads\/2025\/09\/material-de-salud-sostenible-3.jpg","type":"image\/jpeg"}],"twitter_card":"summary_large_image","twitter_site":"@probodyone","twitter_misc":{"Estimated reading time":"1 minute"},"schema":{"@context":"https:\/\/schema.org","@graph":[{"@type":"WebPage","@id":"https:\/\/saludsostenible.es\/product\/magnetoterapia-bioestimulacion\/","url":"https:\/\/saludsostenible.es\/product\/magnetoterapia-bioestimulacion\/","name":"Magnetoterapia & Bioestimulaci\u00f3n - Salud Sostenible by Fabrice Lef&egrave;vre Institute","isPartOf":{"@id":"https:\/\/saludsostenible.es\/#website"},"primaryImageOfPage":{"@id":"https:\/\/saludsostenible.es\/product\/magnetoterapia-bioestimulacion\/#primaryimage"},"image":{"@id":"https:\/\/saludsostenible.es\/product\/magnetoterapia-bioestimulacion\/#primaryimage"},"thumbnailUrl":"https:\/\/saludsostenible.es\/wp-content\/uploads\/2025\/09\/material-de-salud-sostenible-3.jpg","datePublished":"2025-09-21T11:35:51+00:00","dateModified":"2025-09-21T11:37:43+00:00","breadcrumb":{"@id":"https:\/\/saludsostenible.es\/product\/magnetoterapia-bioestimulacion\/#breadcrumb"},"inLanguage":"en-GB","potentialAction":[{"@type":"ReadAction","target":["https:\/\/saludsostenible.es\/product\/magnetoterapia-bioestimulacion\/"]}]},{"@type":"ImageObject","inLanguage":"en-GB","@id":"https:\/\/saludsostenible.es\/product\/magnetoterapia-bioestimulacion\/#primaryimage","url":"https:\/\/saludsostenible.es\/wp-content\/uploads\/2025\/09\/material-de-salud-sostenible-3.jpg","contentUrl":"https:\/\/saludsostenible.es\/wp-content\/uploads\/2025\/09\/material-de-salud-sostenible-3.jpg","width":1000,"height":1000},{"@type":"BreadcrumbList","@id":"https:\/\/saludsostenible.es\/product\/magnetoterapia-bioestimulacion\/#breadcrumb","itemListElement":[{"@type":"ListItem","position":1,"name":"Home","item":"https:\/\/saludsostenible.es\/"},{"@type":"ListItem","position":2,"name":"Tienda","item":"https:\/\/saludsostenible.es\/tienda\/"},{"@type":"ListItem","position":3,"name":"Magnetoterapia &#038; Bioestimulaci\u00f3n"}]},{"@type":"WebSite","@id":"https:\/\/saludsostenible.es\/#website","url":"https:\/\/saludsostenible.es\/","name":"Salud Sostenible Beauty & Longevity","description":"Plataforma de consulta online y acceso a especialistas privados: salud integrativa, beauty y longevidad. Inicia tu perfil de salud metab\u00f3lica.","publisher":{"@id":"https:\/\/saludsostenible.es\/#organization"},"alternateName":"Salud Sostenible","potentialAction":[{"@type":"SearchAction","target":{"@type":"EntryPoint","urlTemplate":"https:\/\/saludsostenible.es\/?s={search_term_string}"},"query-input":{"@type":"PropertyValueSpecification","valueRequired":true,"valueName":"search_term_string"}}],"inLanguage":"en-GB"},{"@type":"Organization","@id":"https:\/\/saludsostenible.es\/#organization","name":"Salud Sostenible by Fabrice Lef\u00e8vre Institute","alternateName":"Osteopat\u00eda en Barcelona, Madrid y Marbella","url":"https:\/\/saludsostenible.es\/","logo":{"@type":"ImageObject","inLanguage":"en-GB","@id":"https:\/\/saludsostenible.es\/#\/schema\/logo\/image\/","url":"https:\/\/saludsostenible.es\/wp-content\/uploads\/2024\/08\/probodyone-blog.jpg","contentUrl":"https:\/\/saludsostenible.es\/wp-content\/uploads\/2024\/08\/probodyone-blog.jpg","width":1600,"height":550,"caption":"Salud Sostenible by Fabrice Lef\u00e8vre Institute"},"image":{"@id":"https:\/\/saludsostenible.es\/#\/schema\/logo\/image\/"},"sameAs":["https:\/\/www.facebook.com\/ProbodyoneBarcelona","https:\/\/x.com\/probodyone","https:\/\/www.youtube.com\/@Probodyone\/videos"]}]}},"_links":{"self":[{"href":"https:\/\/saludsostenible.es\/en\/wp-json\/wp\/v2\/product\/501678","targetHints":{"allow":["GET"]}}],"collection":[{"href":"https:\/\/saludsostenible.es\/en\/wp-json\/wp\/v2\/product"}],"about":[{"href":"https:\/\/saludsostenible.es\/en\/wp-json\/wp\/v2\/types\/product"}],"wp:featuredmedia":[{"embeddable":true,"href":"https:\/\/saludsostenible.es\/en\/wp-json\/wp\/v2\/media\/501683"}],"wp:attachment":[{"href":"https:\/\/saludsostenible.es\/en\/wp-json\/wp\/v2\/media?parent=501678"}],"wp:term":[{"taxonomy":"product_brand","embeddable":true,"href":"https:\/\/saludsostenible.es\/en\/wp-json\/wp\/v2\/product_brand?post=501678"},{"taxonomy":"product_cat","embeddable":true,"href":"https:\/\/saludsostenible.es\/en\/wp-json\/wp\/v2\/product_cat?post=501678"},{"taxonomy":"product_tag","embeddable":true,"href":"https:\/\/saludsostenible.es\/en\/wp-json\/wp\/v2\/product_tag?post=501678"}],"curies":[{"name":"wp","href":"https:\/\/api.w.org\/{rel}","templated":true}]}}